{"id":1286,"date":"2019-06-05T14:57:25","date_gmt":"2019-06-05T18:57:25","guid":{"rendered":"https:\/\/dev.defi-evasion.com\/succursales\/"},"modified":"2021-05-04T18:06:20","modified_gmt":"2021-05-04T22:06:20","slug":"branches","status":"publish","type":"page","link":"https:\/\/jeux.defi-evasion.com\/en\/branches\/","title":{"rendered":"Branches"},"content":{"rendered":"<p>[vc_row full_width=&#8221;stretch_row_content&#8221; css=&#8221;.vc_custom_1559835172255{background-color: #000000 !important;}&#8221; el_id=&#8221;defis-salle&#8221;][vc_column css=&#8221;.vc_custom_1541776975431{padding-top: 80px !important;}&#8221;][vc_empty_space][vc_empty_space][vc_column_text]<\/p>\n<h1 class=\"h1-defi\">Branches<\/h1>\n<p>[\/vc_column_text][vc_empty_space][vc_column_text]<\/p>\n<p class=\"p-defi\" style=\"text-align: center;\">In order to serve you better and make you experience D\u00e9fi-\u00c9vasion, we now have a branch in South Shore Qu\u00e9bec in L\u00e9vis. 11 different and unique games, 2 distinct locations, but still the place to be entertained differently!<\/p>\n<p>[\/vc_column_text][vc_empty_space][vc_column_text]<\/p>\n<div class=\"ver-ligne\"><\/div>\n<p>[\/vc_column_text][vc_empty_space][vc_row_inner equal_height=&#8221;yes&#8221; content_placement=&#8221;middle&#8221; gap=&#8221;5&#8243; el_class=&#8221;listing-succursales&#8221;][vc_column_inner width=&#8221;1\/2&#8243;][vc_btn title=&#8221;QU\u00c9BEC&#8221; style=&#8221;flat&#8221; shape=&#8221;square&#8221; color=&#8221;black&#8221; align=&#8221;center&#8221; css=&#8221;.vc_custom_1560271547294{border-top-width: 3px !important;border-right-width: 3px !important;border-bottom-width: 3px !important;border-left-width: 3px !important;border-left-color: #ffffff !important;border-left-style: solid !important;border-right-color: #ffffff !important;border-right-style: solid !important;border-top-color: #ffffff !important;border-top-style: solid !important;border-bottom-color: #ffffff !important;border-bottom-style: solid !important;}&#8221; link=&#8221;url:%2Fen%2Fsuccursales%2Fquebec-jeu-devasion%2F|title:Qu%C3%A9bec%20jeu%20d%E2%80%99%C3%A9vasion||&#8221; el_class=&#8221;bouton-succursale&#8221;][\/vc_column_inner][vc_column_inner width=&#8221;1\/2&#8243;][vc_btn title=&#8221;L\u00c9VIS&#8221; style=&#8221;flat&#8221; shape=&#8221;square&#8221; color=&#8221;black&#8221; align=&#8221;center&#8221; css=&#8221;.vc_custom_1560271555356{border-top-width: 3px !important;border-right-width: 3px !important;border-bottom-width: 3px !important;border-left-width: 3px !important;border-left-color: #ffffff !important;border-left-style: solid !important;border-right-color: #ffffff !important;border-right-style: solid !important;border-top-color: #ffffff !important;border-top-style: solid !important;border-bottom-color: #ffffff !important;border-bottom-style: solid !important;}&#8221; link=&#8221;url:%2Fen%2Fsuccursales%2Flevis-jeu-devasion%2F|title:L%C3%A9vis%20jeu%20d%E2%80%99%C3%A9vasion||&#8221; el_class=&#8221;bouton-succursale&#8221;][\/vc_column_inner][\/vc_row_inner][\/vc_column][vc_column][vc_empty_space height=&#8221;40px&#8221;][vc_row_inner equal_height=&#8221;yes&#8221;][vc_column_inner el_class=&#8221;defi-mobiles-succursales&#8221; width=&#8221;1\/2&#8243; css=&#8221;.vc_custom_1564630534881{background-image: url(https:\/\/jeux.defi-evasion.com\/wp-content\/uploads\/2018\/11\/mobile2.png?id=615) !important;background-position: center !important;background-repeat: no-repeat !important;background-size: cover !important;}&#8221;][vc_empty_space height=&#8221;75px&#8221;][vc_column_text el_class=&#8221;.titre-autres-defis-mobiles&#8221;]<\/p>\n<h3 style=\"text-align: center;\"><a href=\"https:\/\/jeux.defi-evasion.com\/en\/branches\/our-mobile-challenges\/\">MOBILE CHALLENGES<\/a><\/h3>\n<p>[\/vc_column_text][vc_empty_space height=&#8221;75px&#8221;][\/vc_column_inner][vc_column_inner el_class=&#8221;autres-defis-succursales&#8221; width=&#8221;1\/2&#8243; css=&#8221;.vc_custom_1564630560098{background-image: url(https:\/\/jeux.defi-evasion.com\/wp-content\/uploads\/2018\/11\/plus2.png?id=619) !important;background-position: center !important;background-repeat: no-repeat !important;background-size: cover !important;border-radius: 1px !important;}&#8221;][vc_empty_space height=&#8221;75px&#8221;][vc_column_text el_class=&#8221;.titre-autres-defis-mobiles&#8221;]<\/p>\n<h3 style=\"text-align: center;\"><a href=\"https:\/\/jeux.defi-evasion.com\/en\/nos-defis\/\">ALL OUR CHALLENGES<\/a><\/h3>\n<p>[\/vc_column_text][vc_empty_space height=&#8221;75px&#8221;][\/vc_column_inner][\/vc_row_inner][\/vc_column][\/vc_row][vc_row full_width=&#8221;stretch_row_content_no_spaces&#8221; gap=&#8221;35&#8243; css=&#8221;.vc_custom_1563982628563{background-color: #000000 !important;}&#8221;][vc_column width=&#8221;1\/2&#8243;][vc_empty_space height=&#8221;22px&#8221;][vc_column_text]<a class=\"btn-footer-1\" href=\"https:\/\/jeux.defi-evasion.com\/en\/booking\/\">I BOOK<\/a>[\/vc_column_text][\/vc_column][vc_column width=&#8221;1\/2&#8243;][vc_empty_space height=&#8221;22px&#8221;][vc_column_text]<a class=\"btn-footer\" href=\"https:\/\/jeux.defi-evasion.com\/en\/gift-card\/\">GIFT CERTIFICATE<\/a>[\/vc_column_text][vc_empty_space height=&#8221;22px&#8221;][\/vc_column][\/vc_row]<\/p>\n","protected":false},"excerpt":{"rendered":"<p>[vc_row full_width=&#8221;stretch_row_content&#8221; css=&#8221;.vc_custom_1559835172255{background-color: #000000 !important;}&#8221; el_id=&#8221;defis-salle&#8221;][vc_column css=&#8221;.vc_custom_1541776975431{padding-top: 80px !important;}&#8221;][vc_empty_space][vc_empty_space][vc_column_text] Branches [\/vc_column_text][vc_empty_space][vc_column_text] In order to serve you better and make you experience D\u00e9fi-\u00c9vasion, we now have a branch in South Shore Qu\u00e9bec in L\u00e9vis. 11 different and unique games, 2 distinct locations, but still the place to be entertained differently! [\/vc_column_text][vc_empty_space][vc_column_text] [\/vc_column_text][vc_empty_space][vc_row_inner equal_height=&#8221;yes&#8221; content_placement=&#8221;middle&#8221; gap=&#8221;5&#8243; el_class=&#8221;listing-succursales&#8221;][vc_column_inner [&hellip;]<\/p>\n","protected":false},"author":2,"featured_media":0,"parent":0,"menu_order":0,"comment_status":"closed","ping_status":"closed","template":"","meta":[],"yoast_head":"<!-- This site is optimized with the Yoast SEO plugin v17.0 - https:\/\/yoast.com\/wordpress\/plugins\/seo\/ -->\n<title>Branches | D\u00e9fi-\u00c9vasion Branches Quebec Levis Escape Game<\/title>\n<meta name=\"description\" content=\"D\u00e9fi-\u00c9vasion now have branches in Qu\u00e9bec and L\u00e9vis. 11 different and unique escape games. 2 distinct locations.\" \/>\n<meta name=\"robots\" content=\"noindex, follow, max-snippet:-1, max-image-preview:large, max-video-preview:-1\" \/>\n<meta property=\"og:locale\" content=\"en_US\" \/>\n<meta property=\"og:type\" content=\"article\" \/>\n<meta property=\"og:title\" content=\"Branches | D\u00e9fi-\u00c9vasion Branches Quebec Levis Escape Game\" \/>\n<meta property=\"og:description\" content=\"D\u00e9fi-\u00c9vasion now have branches in Qu\u00e9bec and L\u00e9vis. 11 different and unique escape games. 2 distinct locations.\" \/>\n<meta property=\"og:url\" content=\"https:\/\/jeux.defi-evasion.com\/en\/branches\/\" \/>\n<meta property=\"og:site_name\" content=\"D\u00e9fi-\u00c9vasion\" \/>\n<meta property=\"article:publisher\" content=\"https:\/\/www.facebook.com\/Defievasion\/\" \/>\n<meta property=\"article:modified_time\" content=\"2021-05-04T22:06:20+00:00\" \/>\n<meta name=\"twitter:card\" content=\"summary_large_image\" \/>\n<meta name=\"twitter:site\" content=\"@defi_evasion\" \/>\n<meta name=\"twitter:label1\" content=\"Est. reading time\" \/>\n\t<meta name=\"twitter:data1\" content=\"1 minute\" \/>\n<script type=\"application\/ld+json\" class=\"yoast-schema-graph\">{\"@context\":\"https:\/\/schema.org\",\"@graph\":[{\"@type\":\"Organization\",\"@id\":\"https:\/\/jeux.defi-evasion.com\/#organization\",\"name\":\"D\\u00e9fi-\\u00c9vasion\",\"url\":\"https:\/\/jeux.defi-evasion.com\/\",\"sameAs\":[\"https:\/\/www.facebook.com\/Defievasion\/\",\"https:\/\/www.instagram.com\/defi_evasion\/\",\"https:\/\/www.youtube.com\/channel\/UCurxTtENeUyOVlsZn_hvOqw\",\"https:\/\/twitter.com\/defi_evasion\"],\"logo\":{\"@type\":\"ImageObject\",\"@id\":\"https:\/\/jeux.defi-evasion.com\/#logo\",\"inLanguage\":\"en-US\",\"url\":\"https:\/\/jeux.defi-evasion.com\/wp-content\/uploads\/2018\/09\/logo.png\",\"contentUrl\":\"https:\/\/jeux.defi-evasion.com\/wp-content\/uploads\/2018\/09\/logo.png\",\"width\":200,\"height\":32,\"caption\":\"D\\u00e9fi-\\u00c9vasion\"},\"image\":{\"@id\":\"https:\/\/jeux.defi-evasion.com\/#logo\"}},{\"@type\":\"WebSite\",\"@id\":\"https:\/\/jeux.defi-evasion.com\/#website\",\"url\":\"https:\/\/jeux.defi-evasion.com\/\",\"name\":\"D\\u00e9fi-\\u00c9vasion\",\"description\":\"Serez-vous capable de vous \\u00e9vader?\",\"publisher\":{\"@id\":\"https:\/\/jeux.defi-evasion.com\/#organization\"},\"potentialAction\":[{\"@type\":\"SearchAction\",\"target\":{\"@type\":\"EntryPoint\",\"urlTemplate\":\"https:\/\/jeux.defi-evasion.com\/?s={search_term_string}\"},\"query-input\":\"required name=search_term_string\"}],\"inLanguage\":\"en-US\"},{\"@type\":\"WebPage\",\"@id\":\"https:\/\/jeux.defi-evasion.com\/en\/branches\/#webpage\",\"url\":\"https:\/\/jeux.defi-evasion.com\/en\/branches\/\",\"name\":\"Branches | D\\u00e9fi-\\u00c9vasion Branches Quebec Levis Escape Game\",\"isPartOf\":{\"@id\":\"https:\/\/jeux.defi-evasion.com\/#website\"},\"datePublished\":\"2019-06-05T18:57:25+00:00\",\"dateModified\":\"2021-05-04T22:06:20+00:00\",\"description\":\"D\\u00e9fi-\\u00c9vasion now have branches in Qu\\u00e9bec and L\\u00e9vis. 11 different and unique escape games. 2 distinct locations.\",\"breadcrumb\":{\"@id\":\"https:\/\/jeux.defi-evasion.com\/en\/branches\/#breadcrumb\"},\"inLanguage\":\"en-US\",\"potentialAction\":[{\"@type\":\"ReadAction\",\"target\":[\"https:\/\/jeux.defi-evasion.com\/en\/branches\/\"]}]},{\"@type\":\"BreadcrumbList\",\"@id\":\"https:\/\/jeux.defi-evasion.com\/en\/branches\/#breadcrumb\",\"itemListElement\":[{\"@type\":\"ListItem\",\"position\":1,\"name\":\"Accueil\",\"item\":\"https:\/\/jeux.defi-evasion.com\/en\/accueil\/\"},{\"@type\":\"ListItem\",\"position\":2,\"name\":\"Branches\"}]}]}<\/script>\n<!-- \/ Yoast SEO plugin. -->","yoast_head_json":{"title":"Branches | D\u00e9fi-\u00c9vasion Branches Quebec Levis Escape Game","description":"D\u00e9fi-\u00c9vasion now have branches in Qu\u00e9bec and L\u00e9vis. 11 different and unique escape games. 2 distinct locations.","robots":{"index":"noindex","follow":"follow","max-snippet":"max-snippet:-1","max-image-preview":"max-image-preview:large","max-video-preview":"max-video-preview:-1"},"og_locale":"en_US","og_type":"article","og_title":"Branches | D\u00e9fi-\u00c9vasion Branches Quebec Levis Escape Game","og_description":"D\u00e9fi-\u00c9vasion now have branches in Qu\u00e9bec and L\u00e9vis. 11 different and unique escape games. 2 distinct locations.","og_url":"https:\/\/jeux.defi-evasion.com\/en\/branches\/","og_site_name":"D\u00e9fi-\u00c9vasion","article_publisher":"https:\/\/www.facebook.com\/Defievasion\/","article_modified_time":"2021-05-04T22:06:20+00:00","twitter_card":"summary_large_image","twitter_site":"@defi_evasion","twitter_misc":{"Est. reading time":"1 minute"},"schema":{"@context":"https:\/\/schema.org","@graph":[{"@type":"Organization","@id":"https:\/\/jeux.defi-evasion.com\/#organization","name":"D\u00e9fi-\u00c9vasion","url":"https:\/\/jeux.defi-evasion.com\/","sameAs":["https:\/\/www.facebook.com\/Defievasion\/","https:\/\/www.instagram.com\/defi_evasion\/","https:\/\/www.youtube.com\/channel\/UCurxTtENeUyOVlsZn_hvOqw","https:\/\/twitter.com\/defi_evasion"],"logo":{"@type":"ImageObject","@id":"https:\/\/jeux.defi-evasion.com\/#logo","inLanguage":"en-US","url":"https:\/\/jeux.defi-evasion.com\/wp-content\/uploads\/2018\/09\/logo.png","contentUrl":"https:\/\/jeux.defi-evasion.com\/wp-content\/uploads\/2018\/09\/logo.png","width":200,"height":32,"caption":"D\u00e9fi-\u00c9vasion"},"image":{"@id":"https:\/\/jeux.defi-evasion.com\/#logo"}},{"@type":"WebSite","@id":"https:\/\/jeux.defi-evasion.com\/#website","url":"https:\/\/jeux.defi-evasion.com\/","name":"D\u00e9fi-\u00c9vasion","description":"Serez-vous capable de vous \u00e9vader?","publisher":{"@id":"https:\/\/jeux.defi-evasion.com\/#organization"},"potentialAction":[{"@type":"SearchAction","target":{"@type":"EntryPoint","urlTemplate":"https:\/\/jeux.defi-evasion.com\/?s={search_term_string}"},"query-input":"required name=search_term_string"}],"inLanguage":"en-US"},{"@type":"WebPage","@id":"https:\/\/jeux.defi-evasion.com\/en\/branches\/#webpage","url":"https:\/\/jeux.defi-evasion.com\/en\/branches\/","name":"Branches | D\u00e9fi-\u00c9vasion Branches Quebec Levis Escape Game","isPartOf":{"@id":"https:\/\/jeux.defi-evasion.com\/#website"},"datePublished":"2019-06-05T18:57:25+00:00","dateModified":"2021-05-04T22:06:20+00:00","description":"D\u00e9fi-\u00c9vasion now have branches in Qu\u00e9bec and L\u00e9vis. 11 different and unique escape games. 2 distinct locations.","breadcrumb":{"@id":"https:\/\/jeux.defi-evasion.com\/en\/branches\/#breadcrumb"},"inLanguage":"en-US","potentialAction":[{"@type":"ReadAction","target":["https:\/\/jeux.defi-evasion.com\/en\/branches\/"]}]},{"@type":"BreadcrumbList","@id":"https:\/\/jeux.defi-evasion.com\/en\/branches\/#breadcrumb","itemListElement":[{"@type":"ListItem","position":1,"name":"Accueil","item":"https:\/\/jeux.defi-evasion.com\/en\/accueil\/"},{"@type":"ListItem","position":2,"name":"Branches"}]}]}},"_links":{"self":[{"href":"https:\/\/jeux.defi-evasion.com\/en\/wp-json\/wp\/v2\/pages\/1286"}],"collection":[{"href":"https:\/\/jeux.defi-evasion.com\/en\/wp-json\/wp\/v2\/pages"}],"about":[{"href":"https:\/\/jeux.defi-evasion.com\/en\/wp-json\/wp\/v2\/types\/page"}],"author":[{"embeddable":true,"href":"https:\/\/jeux.defi-evasion.com\/en\/wp-json\/wp\/v2\/users\/2"}],"replies":[{"embeddable":true,"href":"https:\/\/jeux.defi-evasion.com\/en\/wp-json\/wp\/v2\/comments?post=1286"}],"version-history":[{"count":2,"href":"https:\/\/jeux.defi-evasion.com\/en\/wp-json\/wp\/v2\/pages\/1286\/revisions"}],"predecessor-version":[{"id":137472,"href":"https:\/\/jeux.defi-evasion.com\/en\/wp-json\/wp\/v2\/pages\/1286\/revisions\/137472"}],"wp:attachment":[{"href":"https:\/\/jeux.defi-evasion.com\/en\/wp-json\/wp\/v2\/media?parent=1286"}],"curies":[{"name":"wp","href":"https:\/\/api.w.org\/{rel}","templated":true}]}}