{"id":1594,"date":"2019-06-28T11:59:26","date_gmt":"2019-06-28T15:59:26","guid":{"rendered":"https:\/\/dev.defi-evasion.com\/qui-sommes-nous\/"},"modified":"2021-04-07T18:54:01","modified_gmt":"2021-04-07T22:54:01","slug":"who-are-we","status":"publish","type":"page","link":"https:\/\/jeux.defi-evasion.com\/en\/who-are-we\/","title":{"rendered":"Who are we?"},"content":{"rendered":"<p>[vc_row full_width=&#8221;stretch_row_content&#8221; css=&#8221;.vc_custom_1540234739102{background-color: #000000 !important;}&#8221; el_id=&#8221;defis-salle&#8221;][vc_column css=&#8221;.vc_custom_1541776975431{padding-top: 80px !important;}&#8221;][vc_empty_space][vc_empty_space][vc_column_text]<\/p>\n<h1 class=\"h1-defi\">WHO ARE WE?<\/h1>\n<p>[\/vc_column_text][vc_empty_space][vc_empty_space][\/vc_column][\/vc_row][vc_row css=&#8221;.vc_custom_1561738321935{padding-top: 60px !important;padding-bottom: 80px !important;}&#8221;][vc_column width=&#8221;1\/2&#8243; css=&#8221;.vc_custom_1561738312398{margin-top: 20px !important;}&#8221;][vc_single_image image=&#8221;1733&#8243; img_size=&#8221;full&#8221;][\/vc_column][vc_column width=&#8221;1\/2&#8243; css=&#8221;.vc_custom_1561738305541{margin-top: 20px !important;}&#8221;][vc_column_text]Experts in puzzle game creation, D\u00e9fi-\u00c9vasion has been taking the entertainment market by storm since 2015. It was after a trip to the country city of Nashville that the idea of creating D\u00e9fi-\u00c9vasion came up! Thanks to a dedicated, innovative and passionate team, D\u00e9fi-\u00c9vasion offers unique scenarios where immersion and acting are the order of the day. Every door you walk through when you visit one of our offices will make you experience the D\u00e9fi-\u00c9vasion universe.[\/vc_column_text][\/vc_column][\/vc_row][vc_row full_width=&#8221;stretch_row_content&#8221; css=&#8221;.vc_custom_1564073786509{padding-top: 50px !important;padding-bottom: 50px !important;background-color: #ffd300 !important;}&#8221;][vc_column][vc_custom_heading text=&#8221;OUR PROGRESS OVER TIME&#8221; use_theme_fonts=&#8221;yes&#8221;][vc_empty_space height=&#8221;16px&#8221;][vc_single_image image=&#8221;1503&#8243; img_size=&#8221;full&#8221; alignment=&#8221;center&#8221;][\/vc_column][\/vc_row][vc_row css=&#8221;.vc_custom_1561738362711{padding-top: 80px !important;padding-bottom: 80px !important;}&#8221;][vc_column][vc_custom_heading text=&#8221;OUR COMMITMENT&#8221; use_theme_fonts=&#8221;yes&#8221;][vc_empty_space height=&#8221;16px&#8221;][vc_column_text]D\u00e9fi-\u00c9vasion was the first escape game to offer immersive games in Quebec City. Since its creation and the opening of our first rooms in April 2015, our mission has been to offer entertainment in a different way! With the years and the busy daily life of today, we often forget to play. In order to offer a moment of happiness with your loved ones, our team has specialized in creating emotions and immersive experiences. Looking to surpass themselves and have fun, many of our customers come every week to challenge our unique games.[\/vc_column_text][vc_custom_heading text=&#8221;VALUES&#8221; use_theme_fonts=&#8221;yes&#8221; css=&#8221;.vc_custom_1563811375625{padding-top: 25px !important;}&#8221;][vc_tta_accordion color=&#8221;black&#8221; active_section=&#8221;1&#8243; css=&#8221;.vc_custom_1563983413122{margin-top: 20px !important;margin-bottom: -50px !important;}&#8221;][vc_tta_section title=&#8221;Passion&#8221; tab_id=&#8221;1561737957355-223105f4-bd23&#8243;][vc_column_text]This is what drives us to surpass ourselves and take up new challenges.[\/vc_column_text][\/vc_tta_section][vc_tta_section title=&#8221;Rigour&#8221; tab_id=&#8221;1561737957365-bbaf8350-479f&#8221;][vc_column_text]With the satisfaction of our customers and partners always in mind, everyone can expect an optimal experience.[\/vc_column_text][\/vc_tta_section][vc_tta_section title=&#8221;Collaboration&#8221; tab_id=&#8221;1561738077573-97c65306-9497&#8243;][vc_column_text]It is thanks to an attitude of pro-activity and mutual support that we lead all our projects at the same time.[\/vc_column_text][\/vc_tta_section][vc_tta_section title=&#8221;Dynamism&#8221; tab_id=&#8221;1561738071779-2b658a7e-248c&#8221;][vc_column_text]Our ability to adapt to the changes and expectations of our customers depends on the dynamism of each of our employees. Self-improvement and initiative are encouraged.[\/vc_column_text][\/vc_tta_section][vc_tta_section title=&#8221;Progress&#8221; tab_id=&#8221;1561738070828-1144c350-ebcc&#8221;][vc_column_text]There are no limits to offering the best experience to our customers, partners and employees, which means we are constantly evolving.[\/vc_column_text][\/vc_tta_section][\/vc_tta_accordion][\/vc_column][\/vc_row]<\/p>\n","protected":false},"excerpt":{"rendered":"<p>[vc_row full_width=&#8221;stretch_row_content&#8221; css=&#8221;.vc_custom_1540234739102{background-color: #000000 !important;}&#8221; el_id=&#8221;defis-salle&#8221;][vc_column css=&#8221;.vc_custom_1541776975431{padding-top: 80px !important;}&#8221;][vc_empty_space][vc_empty_space][vc_column_text] WHO ARE WE? [\/vc_column_text][vc_empty_space][vc_empty_space][\/vc_column][\/vc_row][vc_row css=&#8221;.vc_custom_1561738321935{padding-top: 60px !important;padding-bottom: 80px !important;}&#8221;][vc_column width=&#8221;1\/2&#8243; css=&#8221;.vc_custom_1561738312398{margin-top: 20px !important;}&#8221;][vc_single_image image=&#8221;1733&#8243; img_size=&#8221;full&#8221;][\/vc_column][vc_column width=&#8221;1\/2&#8243; css=&#8221;.vc_custom_1561738305541{margin-top: 20px !important;}&#8221;][vc_column_text]Experts in puzzle game creation, D\u00e9fi-\u00c9vasion has been taking the entertainment market by storm since 2015. It was after a trip to the country city of Nashville that [&hellip;]<\/p>\n","protected":false},"author":2,"featured_media":0,"parent":0,"menu_order":0,"comment_status":"closed","ping_status":"closed","template":"","meta":[],"yoast_head":"<!-- This site is optimized with the Yoast SEO plugin v17.0 - https:\/\/yoast.com\/wordpress\/plugins\/seo\/ -->\n<title>Who are we? | D\u00e9fi-\u00c9vasion Escape Game Quebec Levis<\/title>\n<meta name=\"description\" content=\"Experts in puzzle game creation, D\u00e9fi-\u00c9vasion has been taking the entertainment market by storm since 2015.\" \/>\n<meta name=\"robots\" content=\"noindex, follow, max-snippet:-1, max-image-preview:large, max-video-preview:-1\" \/>\n<meta property=\"og:locale\" content=\"en_US\" \/>\n<meta property=\"og:type\" content=\"article\" \/>\n<meta property=\"og:title\" content=\"Who are we? | D\u00e9fi-\u00c9vasion Escape Game Quebec Levis\" \/>\n<meta property=\"og:description\" content=\"Experts in puzzle game creation, D\u00e9fi-\u00c9vasion has been taking the entertainment market by storm since 2015.\" \/>\n<meta property=\"og:url\" content=\"https:\/\/jeux.defi-evasion.com\/en\/who-are-we\/\" \/>\n<meta property=\"og:site_name\" content=\"D\u00e9fi-\u00c9vasion\" \/>\n<meta property=\"article:publisher\" content=\"https:\/\/www.facebook.com\/Defievasion\/\" \/>\n<meta property=\"article:modified_time\" content=\"2021-04-07T22:54:01+00:00\" \/>\n<meta name=\"twitter:card\" content=\"summary_large_image\" \/>\n<meta name=\"twitter:site\" content=\"@defi_evasion\" \/>\n<meta name=\"twitter:label1\" content=\"Est. reading time\" \/>\n\t<meta name=\"twitter:data1\" content=\"3 minutes\" \/>\n<script type=\"application\/ld+json\" class=\"yoast-schema-graph\">{\"@context\":\"https:\/\/schema.org\",\"@graph\":[{\"@type\":\"Organization\",\"@id\":\"https:\/\/jeux.defi-evasion.com\/#organization\",\"name\":\"D\\u00e9fi-\\u00c9vasion\",\"url\":\"https:\/\/jeux.defi-evasion.com\/\",\"sameAs\":[\"https:\/\/www.facebook.com\/Defievasion\/\",\"https:\/\/www.instagram.com\/defi_evasion\/\",\"https:\/\/www.youtube.com\/channel\/UCurxTtENeUyOVlsZn_hvOqw\",\"https:\/\/twitter.com\/defi_evasion\"],\"logo\":{\"@type\":\"ImageObject\",\"@id\":\"https:\/\/jeux.defi-evasion.com\/#logo\",\"inLanguage\":\"en-US\",\"url\":\"https:\/\/jeux.defi-evasion.com\/wp-content\/uploads\/2018\/09\/logo.png\",\"contentUrl\":\"https:\/\/jeux.defi-evasion.com\/wp-content\/uploads\/2018\/09\/logo.png\",\"width\":200,\"height\":32,\"caption\":\"D\\u00e9fi-\\u00c9vasion\"},\"image\":{\"@id\":\"https:\/\/jeux.defi-evasion.com\/#logo\"}},{\"@type\":\"WebSite\",\"@id\":\"https:\/\/jeux.defi-evasion.com\/#website\",\"url\":\"https:\/\/jeux.defi-evasion.com\/\",\"name\":\"D\\u00e9fi-\\u00c9vasion\",\"description\":\"Serez-vous capable de vous \\u00e9vader?\",\"publisher\":{\"@id\":\"https:\/\/jeux.defi-evasion.com\/#organization\"},\"potentialAction\":[{\"@type\":\"SearchAction\",\"target\":{\"@type\":\"EntryPoint\",\"urlTemplate\":\"https:\/\/jeux.defi-evasion.com\/?s={search_term_string}\"},\"query-input\":\"required name=search_term_string\"}],\"inLanguage\":\"en-US\"},{\"@type\":\"WebPage\",\"@id\":\"https:\/\/jeux.defi-evasion.com\/en\/who-are-we\/#webpage\",\"url\":\"https:\/\/jeux.defi-evasion.com\/en\/who-are-we\/\",\"name\":\"Who are we? | D\\u00e9fi-\\u00c9vasion Escape Game Quebec Levis\",\"isPartOf\":{\"@id\":\"https:\/\/jeux.defi-evasion.com\/#website\"},\"datePublished\":\"2019-06-28T15:59:26+00:00\",\"dateModified\":\"2021-04-07T22:54:01+00:00\",\"description\":\"Experts in puzzle game creation, D\\u00e9fi-\\u00c9vasion has been taking the entertainment market by storm since 2015.\",\"breadcrumb\":{\"@id\":\"https:\/\/jeux.defi-evasion.com\/en\/who-are-we\/#breadcrumb\"},\"inLanguage\":\"en-US\",\"potentialAction\":[{\"@type\":\"ReadAction\",\"target\":[\"https:\/\/jeux.defi-evasion.com\/en\/who-are-we\/\"]}]},{\"@type\":\"BreadcrumbList\",\"@id\":\"https:\/\/jeux.defi-evasion.com\/en\/who-are-we\/#breadcrumb\",\"itemListElement\":[{\"@type\":\"ListItem\",\"position\":1,\"name\":\"Accueil\",\"item\":\"https:\/\/jeux.defi-evasion.com\/en\/accueil\/\"},{\"@type\":\"ListItem\",\"position\":2,\"name\":\"Who are we?\"}]}]}<\/script>\n<!-- \/ Yoast SEO plugin. -->","yoast_head_json":{"title":"Who are we? | D\u00e9fi-\u00c9vasion Escape Game Quebec Levis","description":"Experts in puzzle game creation, D\u00e9fi-\u00c9vasion has been taking the entertainment market by storm since 2015.","robots":{"index":"noindex","follow":"follow","max-snippet":"max-snippet:-1","max-image-preview":"max-image-preview:large","max-video-preview":"max-video-preview:-1"},"og_locale":"en_US","og_type":"article","og_title":"Who are we? | D\u00e9fi-\u00c9vasion Escape Game Quebec Levis","og_description":"Experts in puzzle game creation, D\u00e9fi-\u00c9vasion has been taking the entertainment market by storm since 2015.","og_url":"https:\/\/jeux.defi-evasion.com\/en\/who-are-we\/","og_site_name":"D\u00e9fi-\u00c9vasion","article_publisher":"https:\/\/www.facebook.com\/Defievasion\/","article_modified_time":"2021-04-07T22:54:01+00:00","twitter_card":"summary_large_image","twitter_site":"@defi_evasion","twitter_misc":{"Est. reading time":"3 minutes"},"schema":{"@context":"https:\/\/schema.org","@graph":[{"@type":"Organization","@id":"https:\/\/jeux.defi-evasion.com\/#organization","name":"D\u00e9fi-\u00c9vasion","url":"https:\/\/jeux.defi-evasion.com\/","sameAs":["https:\/\/www.facebook.com\/Defievasion\/","https:\/\/www.instagram.com\/defi_evasion\/","https:\/\/www.youtube.com\/channel\/UCurxTtENeUyOVlsZn_hvOqw","https:\/\/twitter.com\/defi_evasion"],"logo":{"@type":"ImageObject","@id":"https:\/\/jeux.defi-evasion.com\/#logo","inLanguage":"en-US","url":"https:\/\/jeux.defi-evasion.com\/wp-content\/uploads\/2018\/09\/logo.png","contentUrl":"https:\/\/jeux.defi-evasion.com\/wp-content\/uploads\/2018\/09\/logo.png","width":200,"height":32,"caption":"D\u00e9fi-\u00c9vasion"},"image":{"@id":"https:\/\/jeux.defi-evasion.com\/#logo"}},{"@type":"WebSite","@id":"https:\/\/jeux.defi-evasion.com\/#website","url":"https:\/\/jeux.defi-evasion.com\/","name":"D\u00e9fi-\u00c9vasion","description":"Serez-vous capable de vous \u00e9vader?","publisher":{"@id":"https:\/\/jeux.defi-evasion.com\/#organization"},"potentialAction":[{"@type":"SearchAction","target":{"@type":"EntryPoint","urlTemplate":"https:\/\/jeux.defi-evasion.com\/?s={search_term_string}"},"query-input":"required name=search_term_string"}],"inLanguage":"en-US"},{"@type":"WebPage","@id":"https:\/\/jeux.defi-evasion.com\/en\/who-are-we\/#webpage","url":"https:\/\/jeux.defi-evasion.com\/en\/who-are-we\/","name":"Who are we? | D\u00e9fi-\u00c9vasion Escape Game Quebec Levis","isPartOf":{"@id":"https:\/\/jeux.defi-evasion.com\/#website"},"datePublished":"2019-06-28T15:59:26+00:00","dateModified":"2021-04-07T22:54:01+00:00","description":"Experts in puzzle game creation, D\u00e9fi-\u00c9vasion has been taking the entertainment market by storm since 2015.","breadcrumb":{"@id":"https:\/\/jeux.defi-evasion.com\/en\/who-are-we\/#breadcrumb"},"inLanguage":"en-US","potentialAction":[{"@type":"ReadAction","target":["https:\/\/jeux.defi-evasion.com\/en\/who-are-we\/"]}]},{"@type":"BreadcrumbList","@id":"https:\/\/jeux.defi-evasion.com\/en\/who-are-we\/#breadcrumb","itemListElement":[{"@type":"ListItem","position":1,"name":"Accueil","item":"https:\/\/jeux.defi-evasion.com\/en\/accueil\/"},{"@type":"ListItem","position":2,"name":"Who are we?"}]}]}},"_links":{"self":[{"href":"https:\/\/jeux.defi-evasion.com\/en\/wp-json\/wp\/v2\/pages\/1594"}],"collection":[{"href":"https:\/\/jeux.defi-evasion.com\/en\/wp-json\/wp\/v2\/pages"}],"about":[{"href":"https:\/\/jeux.defi-evasion.com\/en\/wp-json\/wp\/v2\/types\/page"}],"author":[{"embeddable":true,"href":"https:\/\/jeux.defi-evasion.com\/en\/wp-json\/wp\/v2\/users\/2"}],"replies":[{"embeddable":true,"href":"https:\/\/jeux.defi-evasion.com\/en\/wp-json\/wp\/v2\/comments?post=1594"}],"version-history":[{"count":0,"href":"https:\/\/jeux.defi-evasion.com\/en\/wp-json\/wp\/v2\/pages\/1594\/revisions"}],"wp:attachment":[{"href":"https:\/\/jeux.defi-evasion.com\/en\/wp-json\/wp\/v2\/media?parent=1594"}],"curies":[{"name":"wp","href":"https:\/\/api.w.org\/{rel}","templated":true}]}}