{"id":479,"date":"2018-09-28T14:16:38","date_gmt":"2018-09-28T14:16:38","guid":{"rendered":"http:\/\/dev-medias.com\/defi-evasion\/cheque-cadeau\/"},"modified":"2019-07-22T11:55:58","modified_gmt":"2019-07-22T15:55:58","slug":"gift-card","status":"publish","type":"page","link":"https:\/\/jeux.defi-evasion.com\/en\/gift-card\/","title":{"rendered":"Gift card"},"content":{"rendered":"<p>[vc_row full_width=&#8221;stretch_row_content&#8221; css=&#8221;.vc_custom_1540234739102{background-color: #000000 !important;}&#8221; el_id=&#8221;defis-salle&#8221;][vc_column css=&#8221;.vc_custom_1541776975431{padding-top: 80px !important;}&#8221;][vc_empty_space][vc_empty_space][vc_column_text]<\/p>\n<h1 class=\"h1-defi\" style=\"font-weight: 200;\">I WANT A <strong>GIFT CERTIFICATE<\/strong><\/h1>\n<p>[\/vc_column_text][vc_empty_space][vc_column_text]<\/p>\n<p class=\"p-defi\" style=\"text-align: center;\"><span style=\"font-weight: 400;\">Offering a defi-evasion as a gift is offering a unique experience. <\/span><\/p>\n<p>[\/vc_column_text][vc_empty_space][vc_column_text]<\/p>\n<div class=\"ver-ligne\"><\/div>\n<p>[\/vc_column_text][vc_empty_space][\/vc_column][\/vc_row][vc_row css=&#8221;.vc_custom_1544554736788{padding-top: 50px !important;padding-bottom: 50px !important;}&#8221;][vc_column][vc_raw_html]JTNDc2NyaXB0JTIwdHlwZSUzRCUyMnRleHQlMkZqYXZhc2NyaXB0JTIyJTIwc3JjJTNEJTIyaHR0cHMlM0ElMkYlMkZib29rZW8uY29tJTJGd2lkZ2V0LmpzJTNGYSUzRDMxNTFZWEtBNkExNEJCN0IyOENGQiUyNnN0YXJ0bW9kZSUzRGJ1eXZvdWNoZXIlMjIlM0UlM0MlMkZzY3JpcHQlM0U=[\/vc_raw_html][vc_column_text]<span style=\"font-weight: 400;\">For a gift certificate in the form of a printable coupon, click on the following link. For a tangible gift certificate (plastic card), we invite you to purchase it directly at the 2500 rue Jean-Perrin branch or by phone at <\/span><a href=\"tel:5814503334\"><span style=\"font-weight: 400;\">581-450-3334<\/span><\/a><span style=\"font-weight: 400;\">.<\/span><\/p>\n<p><span style=\"font-weight: 400;\">Would you like to know more about it? Contact us at <\/span><a href=\"mailto:contact@defi-evasion.com\"><span style=\"font-weight: 400;\">contact@defi-evasion.com<\/span><\/a>[\/vc_column_text][\/vc_column][\/vc_row]<\/p>\n","protected":false},"excerpt":{"rendered":"<p>[vc_row full_width=&#8221;stretch_row_content&#8221; css=&#8221;.vc_custom_1540234739102{background-color: #000000 !important;}&#8221; el_id=&#8221;defis-salle&#8221;][vc_column css=&#8221;.vc_custom_1541776975431{padding-top: 80px !important;}&#8221;][vc_empty_space][vc_empty_space][vc_column_text] I WANT A GIFT CERTIFICATE [\/vc_column_text][vc_empty_space][vc_column_text] Offering a defi-evasion as a gift is offering a unique experience. [\/vc_column_text][vc_empty_space][vc_column_text] [\/vc_column_text][vc_empty_space][\/vc_column][\/vc_row][vc_row css=&#8221;.vc_custom_1544554736788{padding-top: 50px !important;padding-bottom: 50px !important;}&#8221;][vc_column][vc_raw_html]JTNDc2NyaXB0JTIwdHlwZSUzRCUyMnRleHQlMkZqYXZhc2NyaXB0JTIyJTIwc3JjJTNEJTIyaHR0cHMlM0ElMkYlMkZib29rZW8uY29tJTJGd2lkZ2V0LmpzJTNGYSUzRDMxNTFZWEtBNkExNEJCN0IyOENGQiUyNnN0YXJ0bW9kZSUzRGJ1eXZvdWNoZXIlMjIlM0UlM0MlMkZzY3JpcHQlM0U=[\/vc_raw_html][vc_column_text]For a gift certificate in the form of a printable coupon, click on the following link. For a tangible gift certificate (plastic card), [&hellip;]<\/p>\n","protected":false},"author":2,"featured_media":0,"parent":0,"menu_order":0,"comment_status":"closed","ping_status":"closed","template":"","meta":[],"yoast_head":"<!-- This site is optimized with the Yoast SEO plugin v17.0 - https:\/\/yoast.com\/wordpress\/plugins\/seo\/ -->\n<title>Gift card | D\u00e9fi-\u00c9vasion<\/title>\n<meta name=\"robots\" content=\"noindex, follow, max-snippet:-1, max-image-preview:large, max-video-preview:-1\" \/>\n<meta property=\"og:locale\" content=\"en_US\" \/>\n<meta property=\"og:type\" content=\"article\" \/>\n<meta property=\"og:title\" content=\"Gift card | D\u00e9fi-\u00c9vasion\" \/>\n<meta property=\"og:description\" content=\"[vc_row full_width=&#8221;stretch_row_content&#8221; css=&#8221;.vc_custom_1540234739102{background-color: #000000 !important;}&#8221; el_id=&#8221;defis-salle&#8221;][vc_column css=&#8221;.vc_custom_1541776975431{padding-top: 80px !important;}&#8221;][vc_empty_space][vc_empty_space][vc_column_text] I WANT A GIFT CERTIFICATE [\/vc_column_text][vc_empty_space][vc_column_text] Offering a defi-evasion as a gift is offering a unique experience. [\/vc_column_text][vc_empty_space][vc_column_text] [\/vc_column_text][vc_empty_space][\/vc_column][\/vc_row][vc_row css=&#8221;.vc_custom_1544554736788{padding-top: 50px !important;padding-bottom: 50px !important;}&#8221;][vc_column][vc_raw_html]JTNDc2NyaXB0JTIwdHlwZSUzRCUyMnRleHQlMkZqYXZhc2NyaXB0JTIyJTIwc3JjJTNEJTIyaHR0cHMlM0ElMkYlMkZib29rZW8uY29tJTJGd2lkZ2V0LmpzJTNGYSUzRDMxNTFZWEtBNkExNEJCN0IyOENGQiUyNnN0YXJ0bW9kZSUzRGJ1eXZvdWNoZXIlMjIlM0UlM0MlMkZzY3JpcHQlM0U=[\/vc_raw_html][vc_column_text]For a gift certificate in the form of a printable coupon, click on the following link. For a tangible gift certificate (plastic card), [&hellip;]\" \/>\n<meta property=\"og:url\" content=\"https:\/\/jeux.defi-evasion.com\/en\/gift-card\/\" \/>\n<meta property=\"og:site_name\" content=\"D\u00e9fi-\u00c9vasion\" \/>\n<meta property=\"article:publisher\" content=\"https:\/\/www.facebook.com\/Defievasion\/\" \/>\n<meta property=\"article:modified_time\" content=\"2019-07-22T15:55:58+00:00\" \/>\n<meta name=\"twitter:card\" content=\"summary_large_image\" \/>\n<meta name=\"twitter:site\" content=\"@defi_evasion\" \/>\n<meta name=\"twitter:label1\" content=\"Est. reading time\" \/>\n\t<meta name=\"twitter:data1\" content=\"1 minute\" \/>\n<script type=\"application\/ld+json\" class=\"yoast-schema-graph\">{\"@context\":\"https:\/\/schema.org\",\"@graph\":[{\"@type\":\"Organization\",\"@id\":\"https:\/\/jeux.defi-evasion.com\/#organization\",\"name\":\"D\\u00e9fi-\\u00c9vasion\",\"url\":\"https:\/\/jeux.defi-evasion.com\/\",\"sameAs\":[\"https:\/\/www.facebook.com\/Defievasion\/\",\"https:\/\/www.instagram.com\/defi_evasion\/\",\"https:\/\/www.youtube.com\/channel\/UCurxTtENeUyOVlsZn_hvOqw\",\"https:\/\/twitter.com\/defi_evasion\"],\"logo\":{\"@type\":\"ImageObject\",\"@id\":\"https:\/\/jeux.defi-evasion.com\/#logo\",\"inLanguage\":\"en-US\",\"url\":\"https:\/\/jeux.defi-evasion.com\/wp-content\/uploads\/2018\/09\/logo.png\",\"contentUrl\":\"https:\/\/jeux.defi-evasion.com\/wp-content\/uploads\/2018\/09\/logo.png\",\"width\":200,\"height\":32,\"caption\":\"D\\u00e9fi-\\u00c9vasion\"},\"image\":{\"@id\":\"https:\/\/jeux.defi-evasion.com\/#logo\"}},{\"@type\":\"WebSite\",\"@id\":\"https:\/\/jeux.defi-evasion.com\/#website\",\"url\":\"https:\/\/jeux.defi-evasion.com\/\",\"name\":\"D\\u00e9fi-\\u00c9vasion\",\"description\":\"Serez-vous capable de vous \\u00e9vader?\",\"publisher\":{\"@id\":\"https:\/\/jeux.defi-evasion.com\/#organization\"},\"potentialAction\":[{\"@type\":\"SearchAction\",\"target\":{\"@type\":\"EntryPoint\",\"urlTemplate\":\"https:\/\/jeux.defi-evasion.com\/?s={search_term_string}\"},\"query-input\":\"required name=search_term_string\"}],\"inLanguage\":\"en-US\"},{\"@type\":\"WebPage\",\"@id\":\"https:\/\/jeux.defi-evasion.com\/en\/gift-card\/#webpage\",\"url\":\"https:\/\/jeux.defi-evasion.com\/en\/gift-card\/\",\"name\":\"Gift card | D\\u00e9fi-\\u00c9vasion\",\"isPartOf\":{\"@id\":\"https:\/\/jeux.defi-evasion.com\/#website\"},\"datePublished\":\"2018-09-28T14:16:38+00:00\",\"dateModified\":\"2019-07-22T15:55:58+00:00\",\"breadcrumb\":{\"@id\":\"https:\/\/jeux.defi-evasion.com\/en\/gift-card\/#breadcrumb\"},\"inLanguage\":\"en-US\",\"potentialAction\":[{\"@type\":\"ReadAction\",\"target\":[\"https:\/\/jeux.defi-evasion.com\/en\/gift-card\/\"]}]},{\"@type\":\"BreadcrumbList\",\"@id\":\"https:\/\/jeux.defi-evasion.com\/en\/gift-card\/#breadcrumb\",\"itemListElement\":[{\"@type\":\"ListItem\",\"position\":1,\"name\":\"Accueil\",\"item\":\"https:\/\/jeux.defi-evasion.com\/en\/accueil\/\"},{\"@type\":\"ListItem\",\"position\":2,\"name\":\"Gift card\"}]}]}<\/script>\n<!-- \/ Yoast SEO plugin. -->","yoast_head_json":{"title":"Gift card | D\u00e9fi-\u00c9vasion","robots":{"index":"noindex","follow":"follow","max-snippet":"max-snippet:-1","max-image-preview":"max-image-preview:large","max-video-preview":"max-video-preview:-1"},"og_locale":"en_US","og_type":"article","og_title":"Gift card | D\u00e9fi-\u00c9vasion","og_description":"[vc_row full_width=&#8221;stretch_row_content&#8221; css=&#8221;.vc_custom_1540234739102{background-color: #000000 !important;}&#8221; el_id=&#8221;defis-salle&#8221;][vc_column css=&#8221;.vc_custom_1541776975431{padding-top: 80px !important;}&#8221;][vc_empty_space][vc_empty_space][vc_column_text] I WANT A GIFT CERTIFICATE [\/vc_column_text][vc_empty_space][vc_column_text] Offering a defi-evasion as a gift is offering a unique experience. [\/vc_column_text][vc_empty_space][vc_column_text] [\/vc_column_text][vc_empty_space][\/vc_column][\/vc_row][vc_row css=&#8221;.vc_custom_1544554736788{padding-top: 50px !important;padding-bottom: 50px !important;}&#8221;][vc_column][vc_raw_html]JTNDc2NyaXB0JTIwdHlwZSUzRCUyMnRleHQlMkZqYXZhc2NyaXB0JTIyJTIwc3JjJTNEJTIyaHR0cHMlM0ElMkYlMkZib29rZW8uY29tJTJGd2lkZ2V0LmpzJTNGYSUzRDMxNTFZWEtBNkExNEJCN0IyOENGQiUyNnN0YXJ0bW9kZSUzRGJ1eXZvdWNoZXIlMjIlM0UlM0MlMkZzY3JpcHQlM0U=[\/vc_raw_html][vc_column_text]For a gift certificate in the form of a printable coupon, click on the following link. For a tangible gift certificate (plastic card), [&hellip;]","og_url":"https:\/\/jeux.defi-evasion.com\/en\/gift-card\/","og_site_name":"D\u00e9fi-\u00c9vasion","article_publisher":"https:\/\/www.facebook.com\/Defievasion\/","article_modified_time":"2019-07-22T15:55:58+00:00","twitter_card":"summary_large_image","twitter_site":"@defi_evasion","twitter_misc":{"Est. reading time":"1 minute"},"schema":{"@context":"https:\/\/schema.org","@graph":[{"@type":"Organization","@id":"https:\/\/jeux.defi-evasion.com\/#organization","name":"D\u00e9fi-\u00c9vasion","url":"https:\/\/jeux.defi-evasion.com\/","sameAs":["https:\/\/www.facebook.com\/Defievasion\/","https:\/\/www.instagram.com\/defi_evasion\/","https:\/\/www.youtube.com\/channel\/UCurxTtENeUyOVlsZn_hvOqw","https:\/\/twitter.com\/defi_evasion"],"logo":{"@type":"ImageObject","@id":"https:\/\/jeux.defi-evasion.com\/#logo","inLanguage":"en-US","url":"https:\/\/jeux.defi-evasion.com\/wp-content\/uploads\/2018\/09\/logo.png","contentUrl":"https:\/\/jeux.defi-evasion.com\/wp-content\/uploads\/2018\/09\/logo.png","width":200,"height":32,"caption":"D\u00e9fi-\u00c9vasion"},"image":{"@id":"https:\/\/jeux.defi-evasion.com\/#logo"}},{"@type":"WebSite","@id":"https:\/\/jeux.defi-evasion.com\/#website","url":"https:\/\/jeux.defi-evasion.com\/","name":"D\u00e9fi-\u00c9vasion","description":"Serez-vous capable de vous \u00e9vader?","publisher":{"@id":"https:\/\/jeux.defi-evasion.com\/#organization"},"potentialAction":[{"@type":"SearchAction","target":{"@type":"EntryPoint","urlTemplate":"https:\/\/jeux.defi-evasion.com\/?s={search_term_string}"},"query-input":"required name=search_term_string"}],"inLanguage":"en-US"},{"@type":"WebPage","@id":"https:\/\/jeux.defi-evasion.com\/en\/gift-card\/#webpage","url":"https:\/\/jeux.defi-evasion.com\/en\/gift-card\/","name":"Gift card | D\u00e9fi-\u00c9vasion","isPartOf":{"@id":"https:\/\/jeux.defi-evasion.com\/#website"},"datePublished":"2018-09-28T14:16:38+00:00","dateModified":"2019-07-22T15:55:58+00:00","breadcrumb":{"@id":"https:\/\/jeux.defi-evasion.com\/en\/gift-card\/#breadcrumb"},"inLanguage":"en-US","potentialAction":[{"@type":"ReadAction","target":["https:\/\/jeux.defi-evasion.com\/en\/gift-card\/"]}]},{"@type":"BreadcrumbList","@id":"https:\/\/jeux.defi-evasion.com\/en\/gift-card\/#breadcrumb","itemListElement":[{"@type":"ListItem","position":1,"name":"Accueil","item":"https:\/\/jeux.defi-evasion.com\/en\/accueil\/"},{"@type":"ListItem","position":2,"name":"Gift card"}]}]}},"_links":{"self":[{"href":"https:\/\/jeux.defi-evasion.com\/en\/wp-json\/wp\/v2\/pages\/479"}],"collection":[{"href":"https:\/\/jeux.defi-evasion.com\/en\/wp-json\/wp\/v2\/pages"}],"about":[{"href":"https:\/\/jeux.defi-evasion.com\/en\/wp-json\/wp\/v2\/types\/page"}],"author":[{"embeddable":true,"href":"https:\/\/jeux.defi-evasion.com\/en\/wp-json\/wp\/v2\/users\/2"}],"replies":[{"embeddable":true,"href":"https:\/\/jeux.defi-evasion.com\/en\/wp-json\/wp\/v2\/comments?post=479"}],"version-history":[{"count":0,"href":"https:\/\/jeux.defi-evasion.com\/en\/wp-json\/wp\/v2\/pages\/479\/revisions"}],"wp:attachment":[{"href":"https:\/\/jeux.defi-evasion.com\/en\/wp-json\/wp\/v2\/media?parent=479"}],"curies":[{"name":"wp","href":"https:\/\/api.w.org\/{rel}","templated":true}]}}