{"id":494,"date":"2018-11-20T15:20:36","date_gmt":"2018-11-20T19:20:36","guid":{"rendered":"http:\/\/dev-medias.com\/defi-evasion\/careers\/"},"modified":"2019-07-31T11:44:52","modified_gmt":"2019-07-31T15:44:52","slug":"careers","status":"publish","type":"page","link":"https:\/\/jeux.defi-evasion.com\/en\/careers\/","title":{"rendered":"Careers"},"content":{"rendered":"<p>[vc_row full_width=&#8221;stretch_row_content&#8221; css=&#8221;.vc_custom_1540234739102{background-color: #000000 !important;}&#8221; el_id=&#8221;defis-salle&#8221;][vc_column css=&#8221;.vc_custom_1541776975431{padding-top: 80px !important;}&#8221;][vc_empty_space][vc_empty_space][vc_column_text]<\/p>\n<h1 class=\"h1-defi\" style=\"font-weight: 200;\">CAREER <strong>OPPORTUNITIES<\/strong><\/h1>\n<p>[\/vc_column_text][vc_empty_space][vc_column_text]<\/p>\n<p class=\"p-defi\" style=\"text-align: center;\">Looking for an outstanding work experience? Join our team! Several vacant positions are to be filled. Send us your resume at<br \/>\n<a style=\"color: #ffcb05;\" href=\"mailto:contact@defi-evasion.com\">contact@defi-evasion.com<\/a><\/p>\n<p>[\/vc_column_text][vc_empty_space][vc_raw_html]JTNDdmlkZW8lMjBpZCUzRCUyMnZpZGVvLWVudGV0ZS1wYWdlcyUyMiUyMGNvbnRyb2xzJTIwYXV0b3BsYXklMjBsb29wJTNFJTBBJTIwJTIwJTNDc291cmNlJTIwc3JjJTNEJTIyJTJGd3AtY29udGVudCUyRnVwbG9hZHMlMkYyMDE5JTJGMDYlMkZEJUMzJUE5ZmktZXZhc2lvbi1SZWNydXRlbWVudC0ubXA0JTIyJTIwdHlwZSUzRCUyMnZpZGVvJTJGbXA0JTIyJTNFJTBBJTIwJTIwWW91ciUyMGJyb3dzZXIlMjBkb2VzJTIwbm90JTIwc3VwcG9ydCUyMEhUTUw1JTIwdmlkZW8uJTBBJTNDJTJGdmlkZW8lM0U=[\/vc_raw_html][vc_empty_space][\/vc_column][\/vc_row][vc_row css=&#8221;.vc_custom_1542039229397{padding-top: 80px !important;padding-bottom: 80px !important;}&#8221;][vc_column][vc_custom_heading text=&#8221;OUR COMPANY&#8221; use_theme_fonts=&#8221;yes&#8221;][vc_column_text]Since April 2015, D\u00e9fi-\u00c9vasion has been offering adventurers game concepts that are unique in Quebec. We offer seven thematic rooms at our main location as well as two mobile adventures: Mobile D\u00e9fi-\u00c9vasion.<\/p>\n<p>D\u00e9fi-\u00c9vasion allows a clientele eager for mystery to take part in an intriguing game that consists in being embarked on a thematic room from which one can only escape by decoding puzzles and hidden codes, all within one hour, with a group of two to ten people.<\/p>\n<p>Since our establishment, we have welcomed more than 70,000 participants.<\/p>\n<p>The innovation of our games and the quality of service are our priorities. The initiatives of our employees in the development of the company are encouraged. By joining the D\u00e9fi-\u00c9vasion team, you commit yourself to participate in the development of our company.[\/vc_column_text][\/vc_column][\/vc_row][vc_row full_width=&#8221;stretch_row&#8221; css=&#8221;.vc_custom_1562349409483{padding-top: 50px !important;padding-bottom: 50px !important;}&#8221;][vc_column][vc_custom_heading text=&#8221;POSITIONS TO BE FILLED&#8221; use_theme_fonts=&#8221;yes&#8221;][vc_tta_accordion active_section=&#8221;1&#8243; css=&#8221;.vc_custom_1562349589331{padding-top: 10px !important;}&#8221;][vc_tta_section title=&#8221;GAME MASTER &#8211; QU\u00c9BEC CITY&#8221; tab_id=&#8221;1542038670196-bec19de7-213f&#8221;][vc_column_text]<strong>The role of the Game Master is to ensure a complete follow-up of the players throughout their experience, from their arrival to their departure.<\/strong><\/p>\n<p>To do this, the person will have as main functions:<\/p>\n<ul>\n<li>Lead the challenges according to the role designed for the room, by getting involved in the character and offering an adventure to the participants.<\/li>\n<li>Provide instructions to players<\/li>\n<li>Monitor the smooth running of the game from a distance<\/li>\n<li>At the end of the game, conclude with the group<\/li>\n<li>Storage and cleaning of the room<\/li>\n<\/ul>\n<p>&nbsp;<\/p>\n<p><strong>Skills and abilities required:<\/strong><\/p>\n<ul>\n<li>Dynamic and motivated<\/li>\n<li>Welcoming<\/li>\n<li>Management and animation of a group<\/li>\n<li>Theatrical<\/li>\n<li>Autonomous<\/li>\n<li>Rigorous<\/li>\n<li>Flexible and ready to invest<\/li>\n<\/ul>\n<p>[\/vc_column_text][\/vc_tta_section][vc_tta_section title=&#8221;RECEPTIONIST &#8211; QU\u00c9BEC CITY&#8221; tab_id=&#8221;1547567594475-7ae978b1-2005&#8243;][vc_column_text]<strong>The receptionist is responsible for providing customer service that reflects the image of D\u00e9fi \u00c9vasion.<\/strong><\/p>\n<p>Among other things, he is responsible for performing the following tasks:<\/p>\n<ul>\n<li>Welcoming customers<\/li>\n<li>Make customers pay<\/li>\n<li>Make reservations<\/li>\n<li>Give instructions for the different games<\/li>\n<li>Introduce clients to the room they have chosen<\/li>\n<li>Prepare the reception<\/li>\n<li>Entertain customers<\/li>\n<li>Explain the concept and themes of the rooms<\/li>\n<li>Giving the right information to customers<\/li>\n<li>Accompany customers in the Photo Booth after the activity<\/li>\n<li>Collect feedback<\/li>\n<\/ul>\n<p><strong>Skills and abilities required :<\/strong><\/p>\n<ul>\n<li>Dynamic<\/li>\n<li>Smiling<\/li>\n<li>Comfortable with the public<\/li>\n<li>Proactive<\/li>\n<li>Organized<\/li>\n<\/ul>\n<p>[\/vc_column_text][\/vc_tta_section][\/vc_tta_accordion][\/vc_column][\/vc_row]<\/p>\n","protected":false},"excerpt":{"rendered":"<p>[vc_row full_width=&#8221;stretch_row_content&#8221; css=&#8221;.vc_custom_1540234739102{background-color: #000000 !important;}&#8221; el_id=&#8221;defis-salle&#8221;][vc_column css=&#8221;.vc_custom_1541776975431{padding-top: 80px !important;}&#8221;][vc_empty_space][vc_empty_space][vc_column_text] CAREER OPPORTUNITIES [\/vc_column_text][vc_empty_space][vc_column_text] Looking for an outstanding work experience? Join our team! Several vacant positions are to be filled. Send us your resume at contact@defi-evasion.com [\/vc_column_text][vc_empty_space][vc_raw_html]JTNDdmlkZW8lMjBpZCUzRCUyMnZpZGVvLWVudGV0ZS1wYWdlcyUyMiUyMGNvbnRyb2xzJTIwYXV0b3BsYXklMjBsb29wJTNFJTBBJTIwJTIwJTNDc291cmNlJTIwc3JjJTNEJTIyJTJGd3AtY29udGVudCUyRnVwbG9hZHMlMkYyMDE5JTJGMDYlMkZEJUMzJUE5ZmktZXZhc2lvbi1SZWNydXRlbWVudC0ubXA0JTIyJTIwdHlwZSUzRCUyMnZpZGVvJTJGbXA0JTIyJTNFJTBBJTIwJTIwWW91ciUyMGJyb3dzZXIlMjBkb2VzJTIwbm90JTIwc3VwcG9ydCUyMEhUTUw1JTIwdmlkZW8uJTBBJTNDJTJGdmlkZW8lM0U=[\/vc_raw_html][vc_empty_space][\/vc_column][\/vc_row][vc_row css=&#8221;.vc_custom_1542039229397{padding-top: 80px !important;padding-bottom: 80px !important;}&#8221;][vc_column][vc_custom_heading text=&#8221;OUR COMPANY&#8221; use_theme_fonts=&#8221;yes&#8221;][vc_column_text]Since April 2015, D\u00e9fi-\u00c9vasion has been offering adventurers game concepts that are unique [&hellip;]<\/p>\n","protected":false},"author":2,"featured_media":0,"parent":0,"menu_order":0,"comment_status":"closed","ping_status":"closed","template":"","meta":[],"yoast_head":"<!-- This site is optimized with the Yoast SEO plugin v17.0 - https:\/\/yoast.com\/wordpress\/plugins\/seo\/ -->\n<title>Careers | D\u00e9fi-\u00c9vasion<\/title>\n<meta name=\"robots\" content=\"noindex, follow, max-snippet:-1, max-image-preview:large, max-video-preview:-1\" \/>\n<meta property=\"og:locale\" content=\"en_US\" \/>\n<meta property=\"og:type\" content=\"article\" \/>\n<meta property=\"og:title\" content=\"Careers | D\u00e9fi-\u00c9vasion\" \/>\n<meta property=\"og:description\" content=\"[vc_row full_width=&#8221;stretch_row_content&#8221; css=&#8221;.vc_custom_1540234739102{background-color: #000000 !important;}&#8221; el_id=&#8221;defis-salle&#8221;][vc_column css=&#8221;.vc_custom_1541776975431{padding-top: 80px !important;}&#8221;][vc_empty_space][vc_empty_space][vc_column_text] CAREER OPPORTUNITIES [\/vc_column_text][vc_empty_space][vc_column_text] Looking for an outstanding work experience? Join our team! Several vacant positions are to be filled. Send us your resume at contact@defi-evasion.com [\/vc_column_text][vc_empty_space][vc_raw_html]JTNDdmlkZW8lMjBpZCUzRCUyMnZpZGVvLWVudGV0ZS1wYWdlcyUyMiUyMGNvbnRyb2xzJTIwYXV0b3BsYXklMjBsb29wJTNFJTBBJTIwJTIwJTNDc291cmNlJTIwc3JjJTNEJTIyJTJGd3AtY29udGVudCUyRnVwbG9hZHMlMkYyMDE5JTJGMDYlMkZEJUMzJUE5ZmktZXZhc2lvbi1SZWNydXRlbWVudC0ubXA0JTIyJTIwdHlwZSUzRCUyMnZpZGVvJTJGbXA0JTIyJTNFJTBBJTIwJTIwWW91ciUyMGJyb3dzZXIlMjBkb2VzJTIwbm90JTIwc3VwcG9ydCUyMEhUTUw1JTIwdmlkZW8uJTBBJTNDJTJGdmlkZW8lM0U=[\/vc_raw_html][vc_empty_space][\/vc_column][\/vc_row][vc_row css=&#8221;.vc_custom_1542039229397{padding-top: 80px !important;padding-bottom: 80px !important;}&#8221;][vc_column][vc_custom_heading text=&#8221;OUR COMPANY&#8221; use_theme_fonts=&#8221;yes&#8221;][vc_column_text]Since April 2015, D\u00e9fi-\u00c9vasion has been offering adventurers game concepts that are unique [&hellip;]\" \/>\n<meta property=\"og:url\" content=\"https:\/\/jeux.defi-evasion.com\/en\/careers\/\" \/>\n<meta property=\"og:site_name\" content=\"D\u00e9fi-\u00c9vasion\" \/>\n<meta property=\"article:publisher\" content=\"https:\/\/www.facebook.com\/Defievasion\/\" \/>\n<meta property=\"article:modified_time\" content=\"2019-07-31T15:44:52+00:00\" \/>\n<meta name=\"twitter:card\" content=\"summary_large_image\" \/>\n<meta name=\"twitter:site\" content=\"@defi_evasion\" \/>\n<meta name=\"twitter:label1\" content=\"Est. reading time\" \/>\n\t<meta name=\"twitter:data1\" content=\"3 minutes\" \/>\n<script type=\"application\/ld+json\" class=\"yoast-schema-graph\">{\"@context\":\"https:\/\/schema.org\",\"@graph\":[{\"@type\":\"Organization\",\"@id\":\"https:\/\/jeux.defi-evasion.com\/#organization\",\"name\":\"D\\u00e9fi-\\u00c9vasion\",\"url\":\"https:\/\/jeux.defi-evasion.com\/\",\"sameAs\":[\"https:\/\/www.facebook.com\/Defievasion\/\",\"https:\/\/www.instagram.com\/defi_evasion\/\",\"https:\/\/www.youtube.com\/channel\/UCurxTtENeUyOVlsZn_hvOqw\",\"https:\/\/twitter.com\/defi_evasion\"],\"logo\":{\"@type\":\"ImageObject\",\"@id\":\"https:\/\/jeux.defi-evasion.com\/#logo\",\"inLanguage\":\"en-US\",\"url\":\"https:\/\/jeux.defi-evasion.com\/wp-content\/uploads\/2018\/09\/logo.png\",\"contentUrl\":\"https:\/\/jeux.defi-evasion.com\/wp-content\/uploads\/2018\/09\/logo.png\",\"width\":200,\"height\":32,\"caption\":\"D\\u00e9fi-\\u00c9vasion\"},\"image\":{\"@id\":\"https:\/\/jeux.defi-evasion.com\/#logo\"}},{\"@type\":\"WebSite\",\"@id\":\"https:\/\/jeux.defi-evasion.com\/#website\",\"url\":\"https:\/\/jeux.defi-evasion.com\/\",\"name\":\"D\\u00e9fi-\\u00c9vasion\",\"description\":\"Serez-vous capable de vous \\u00e9vader?\",\"publisher\":{\"@id\":\"https:\/\/jeux.defi-evasion.com\/#organization\"},\"potentialAction\":[{\"@type\":\"SearchAction\",\"target\":{\"@type\":\"EntryPoint\",\"urlTemplate\":\"https:\/\/jeux.defi-evasion.com\/?s={search_term_string}\"},\"query-input\":\"required name=search_term_string\"}],\"inLanguage\":\"en-US\"},{\"@type\":\"WebPage\",\"@id\":\"https:\/\/jeux.defi-evasion.com\/en\/careers\/#webpage\",\"url\":\"https:\/\/jeux.defi-evasion.com\/en\/careers\/\",\"name\":\"Careers | D\\u00e9fi-\\u00c9vasion\",\"isPartOf\":{\"@id\":\"https:\/\/jeux.defi-evasion.com\/#website\"},\"datePublished\":\"2018-11-20T19:20:36+00:00\",\"dateModified\":\"2019-07-31T15:44:52+00:00\",\"breadcrumb\":{\"@id\":\"https:\/\/jeux.defi-evasion.com\/en\/careers\/#breadcrumb\"},\"inLanguage\":\"en-US\",\"potentialAction\":[{\"@type\":\"ReadAction\",\"target\":[\"https:\/\/jeux.defi-evasion.com\/en\/careers\/\"]}]},{\"@type\":\"BreadcrumbList\",\"@id\":\"https:\/\/jeux.defi-evasion.com\/en\/careers\/#breadcrumb\",\"itemListElement\":[{\"@type\":\"ListItem\",\"position\":1,\"name\":\"Accueil\",\"item\":\"https:\/\/jeux.defi-evasion.com\/en\/accueil\/\"},{\"@type\":\"ListItem\",\"position\":2,\"name\":\"Careers\"}]}]}<\/script>\n<!-- \/ Yoast SEO plugin. -->","yoast_head_json":{"title":"Careers | D\u00e9fi-\u00c9vasion","robots":{"index":"noindex","follow":"follow","max-snippet":"max-snippet:-1","max-image-preview":"max-image-preview:large","max-video-preview":"max-video-preview:-1"},"og_locale":"en_US","og_type":"article","og_title":"Careers | D\u00e9fi-\u00c9vasion","og_description":"[vc_row full_width=&#8221;stretch_row_content&#8221; css=&#8221;.vc_custom_1540234739102{background-color: #000000 !important;}&#8221; el_id=&#8221;defis-salle&#8221;][vc_column css=&#8221;.vc_custom_1541776975431{padding-top: 80px !important;}&#8221;][vc_empty_space][vc_empty_space][vc_column_text] CAREER OPPORTUNITIES [\/vc_column_text][vc_empty_space][vc_column_text] Looking for an outstanding work experience? Join our team! Several vacant positions are to be filled. Send us your resume at contact@defi-evasion.com [\/vc_column_text][vc_empty_space][vc_raw_html]JTNDdmlkZW8lMjBpZCUzRCUyMnZpZGVvLWVudGV0ZS1wYWdlcyUyMiUyMGNvbnRyb2xzJTIwYXV0b3BsYXklMjBsb29wJTNFJTBBJTIwJTIwJTNDc291cmNlJTIwc3JjJTNEJTIyJTJGd3AtY29udGVudCUyRnVwbG9hZHMlMkYyMDE5JTJGMDYlMkZEJUMzJUE5ZmktZXZhc2lvbi1SZWNydXRlbWVudC0ubXA0JTIyJTIwdHlwZSUzRCUyMnZpZGVvJTJGbXA0JTIyJTNFJTBBJTIwJTIwWW91ciUyMGJyb3dzZXIlMjBkb2VzJTIwbm90JTIwc3VwcG9ydCUyMEhUTUw1JTIwdmlkZW8uJTBBJTNDJTJGdmlkZW8lM0U=[\/vc_raw_html][vc_empty_space][\/vc_column][\/vc_row][vc_row css=&#8221;.vc_custom_1542039229397{padding-top: 80px !important;padding-bottom: 80px !important;}&#8221;][vc_column][vc_custom_heading text=&#8221;OUR COMPANY&#8221; use_theme_fonts=&#8221;yes&#8221;][vc_column_text]Since April 2015, D\u00e9fi-\u00c9vasion has been offering adventurers game concepts that are unique [&hellip;]","og_url":"https:\/\/jeux.defi-evasion.com\/en\/careers\/","og_site_name":"D\u00e9fi-\u00c9vasion","article_publisher":"https:\/\/www.facebook.com\/Defievasion\/","article_modified_time":"2019-07-31T15:44:52+00:00","twitter_card":"summary_large_image","twitter_site":"@defi_evasion","twitter_misc":{"Est. reading time":"3 minutes"},"schema":{"@context":"https:\/\/schema.org","@graph":[{"@type":"Organization","@id":"https:\/\/jeux.defi-evasion.com\/#organization","name":"D\u00e9fi-\u00c9vasion","url":"https:\/\/jeux.defi-evasion.com\/","sameAs":["https:\/\/www.facebook.com\/Defievasion\/","https:\/\/www.instagram.com\/defi_evasion\/","https:\/\/www.youtube.com\/channel\/UCurxTtENeUyOVlsZn_hvOqw","https:\/\/twitter.com\/defi_evasion"],"logo":{"@type":"ImageObject","@id":"https:\/\/jeux.defi-evasion.com\/#logo","inLanguage":"en-US","url":"https:\/\/jeux.defi-evasion.com\/wp-content\/uploads\/2018\/09\/logo.png","contentUrl":"https:\/\/jeux.defi-evasion.com\/wp-content\/uploads\/2018\/09\/logo.png","width":200,"height":32,"caption":"D\u00e9fi-\u00c9vasion"},"image":{"@id":"https:\/\/jeux.defi-evasion.com\/#logo"}},{"@type":"WebSite","@id":"https:\/\/jeux.defi-evasion.com\/#website","url":"https:\/\/jeux.defi-evasion.com\/","name":"D\u00e9fi-\u00c9vasion","description":"Serez-vous capable de vous \u00e9vader?","publisher":{"@id":"https:\/\/jeux.defi-evasion.com\/#organization"},"potentialAction":[{"@type":"SearchAction","target":{"@type":"EntryPoint","urlTemplate":"https:\/\/jeux.defi-evasion.com\/?s={search_term_string}"},"query-input":"required name=search_term_string"}],"inLanguage":"en-US"},{"@type":"WebPage","@id":"https:\/\/jeux.defi-evasion.com\/en\/careers\/#webpage","url":"https:\/\/jeux.defi-evasion.com\/en\/careers\/","name":"Careers | D\u00e9fi-\u00c9vasion","isPartOf":{"@id":"https:\/\/jeux.defi-evasion.com\/#website"},"datePublished":"2018-11-20T19:20:36+00:00","dateModified":"2019-07-31T15:44:52+00:00","breadcrumb":{"@id":"https:\/\/jeux.defi-evasion.com\/en\/careers\/#breadcrumb"},"inLanguage":"en-US","potentialAction":[{"@type":"ReadAction","target":["https:\/\/jeux.defi-evasion.com\/en\/careers\/"]}]},{"@type":"BreadcrumbList","@id":"https:\/\/jeux.defi-evasion.com\/en\/careers\/#breadcrumb","itemListElement":[{"@type":"ListItem","position":1,"name":"Accueil","item":"https:\/\/jeux.defi-evasion.com\/en\/accueil\/"},{"@type":"ListItem","position":2,"name":"Careers"}]}]}},"_links":{"self":[{"href":"https:\/\/jeux.defi-evasion.com\/en\/wp-json\/wp\/v2\/pages\/494"}],"collection":[{"href":"https:\/\/jeux.defi-evasion.com\/en\/wp-json\/wp\/v2\/pages"}],"about":[{"href":"https:\/\/jeux.defi-evasion.com\/en\/wp-json\/wp\/v2\/types\/page"}],"author":[{"embeddable":true,"href":"https:\/\/jeux.defi-evasion.com\/en\/wp-json\/wp\/v2\/users\/2"}],"replies":[{"embeddable":true,"href":"https:\/\/jeux.defi-evasion.com\/en\/wp-json\/wp\/v2\/comments?post=494"}],"version-history":[{"count":0,"href":"https:\/\/jeux.defi-evasion.com\/en\/wp-json\/wp\/v2\/pages\/494\/revisions"}],"wp:attachment":[{"href":"https:\/\/jeux.defi-evasion.com\/en\/wp-json\/wp\/v2\/media?parent=494"}],"curies":[{"name":"wp","href":"https:\/\/api.w.org\/{rel}","templated":true}]}}