{"id":5431,"date":"2020-06-23T15:42:48","date_gmt":"2020-06-23T19:42:48","guid":{"rendered":"https:\/\/defi-evasion.com\/my-account\/"},"modified":"2021-04-07T18:45:16","modified_gmt":"2021-04-07T22:45:16","slug":"my-account","status":"publish","type":"page","link":"https:\/\/jeux.defi-evasion.com\/en\/my-account\/","title":{"rendered":"My Account"},"content":{"rendered":"<p>[vc_row css=&#8221;.vc_custom_1600969202709{padding-top: 40px !important;}&#8221;][vc_column][vc_column_text]<p>[\/vc_column_text][\/vc_column][\/vc_row]<div class=\"woocommerce\"><\/div>[vc_row][vc_column][vc_column_text]<\/p>\n[\/vc_column_text][\/vc_column][\/vc_row]<\/p>","protected":false},"excerpt":{"rendered":"<p>[vc_row css=&#8221;.vc_custom_1600969202709{padding-top: 40px !important;}&#8221;][vc_column][vc_column_text][\/vc_column_text][\/vc_column][\/vc_row]<\/p>\n","protected":false},"author":3,"featured_media":0,"parent":0,"menu_order":0,"comment_status":"closed","ping_status":"closed","template":"","meta":[],"yoast_head":"<!-- This site is optimized with the Yoast SEO plugin v17.0 - https:\/\/yoast.com\/wordpress\/plugins\/seo\/ -->\n<title>My Account | D\u00e9fi-\u00c9vasion At Home Online Escape Game<\/title>\n<meta name=\"description\" content=\"Login or register with you email address. A password will be sent to your email address. Then you will be ready to play.\" \/>\n<meta name=\"robots\" content=\"noindex, nofollow\" \/>\n<meta property=\"og:locale\" content=\"en_US\" \/>\n<meta property=\"og:type\" content=\"article\" \/>\n<meta property=\"og:title\" content=\"My Account | D\u00e9fi-\u00c9vasion At Home Online Escape Game\" \/>\n<meta property=\"og:description\" content=\"Login or register with you email address. A password will be sent to your email address. Then you will be ready to play.\" \/>\n<meta property=\"og:url\" content=\"https:\/\/jeux.defi-evasion.com\/en\/my-account\/\" \/>\n<meta property=\"og:site_name\" content=\"D\u00e9fi-\u00c9vasion\" \/>\n<meta property=\"article:publisher\" content=\"https:\/\/www.facebook.com\/Defievasion\/\" \/>\n<meta property=\"article:modified_time\" content=\"2021-04-07T22:45:16+00:00\" \/>\n<meta name=\"twitter:card\" content=\"summary_large_image\" \/>\n<meta name=\"twitter:site\" content=\"@defi_evasion\" \/>\n<script type=\"application\/ld+json\" class=\"yoast-schema-graph\">{\"@context\":\"https:\/\/schema.org\",\"@graph\":[{\"@type\":\"Organization\",\"@id\":\"https:\/\/jeux.defi-evasion.com\/#organization\",\"name\":\"D\\u00e9fi-\\u00c9vasion\",\"url\":\"https:\/\/jeux.defi-evasion.com\/\",\"sameAs\":[\"https:\/\/www.facebook.com\/Defievasion\/\",\"https:\/\/www.instagram.com\/defi_evasion\/\",\"https:\/\/www.youtube.com\/channel\/UCurxTtENeUyOVlsZn_hvOqw\",\"https:\/\/twitter.com\/defi_evasion\"],\"logo\":{\"@type\":\"ImageObject\",\"@id\":\"https:\/\/jeux.defi-evasion.com\/#logo\",\"inLanguage\":\"en-US\",\"url\":\"https:\/\/jeux.defi-evasion.com\/wp-content\/uploads\/2018\/09\/logo.png\",\"contentUrl\":\"https:\/\/jeux.defi-evasion.com\/wp-content\/uploads\/2018\/09\/logo.png\",\"width\":200,\"height\":32,\"caption\":\"D\\u00e9fi-\\u00c9vasion\"},\"image\":{\"@id\":\"https:\/\/jeux.defi-evasion.com\/#logo\"}},{\"@type\":\"WebSite\",\"@id\":\"https:\/\/jeux.defi-evasion.com\/#website\",\"url\":\"https:\/\/jeux.defi-evasion.com\/\",\"name\":\"D\\u00e9fi-\\u00c9vasion\",\"description\":\"Serez-vous capable de vous \\u00e9vader?\",\"publisher\":{\"@id\":\"https:\/\/jeux.defi-evasion.com\/#organization\"},\"potentialAction\":[{\"@type\":\"SearchAction\",\"target\":{\"@type\":\"EntryPoint\",\"urlTemplate\":\"https:\/\/jeux.defi-evasion.com\/?s={search_term_string}\"},\"query-input\":\"required name=search_term_string\"}],\"inLanguage\":\"en-US\"},{\"@type\":\"WebPage\",\"@id\":\"https:\/\/jeux.defi-evasion.com\/en\/my-account\/#webpage\",\"url\":\"https:\/\/jeux.defi-evasion.com\/en\/my-account\/\",\"name\":\"My Account | D\\u00e9fi-\\u00c9vasion At Home Online Escape Game\",\"isPartOf\":{\"@id\":\"https:\/\/jeux.defi-evasion.com\/#website\"},\"datePublished\":\"2020-06-23T19:42:48+00:00\",\"dateModified\":\"2021-04-07T22:45:16+00:00\",\"description\":\"Login or register with you email address. A password will be sent to your email address. Then you will be ready to play.\",\"breadcrumb\":{\"@id\":\"https:\/\/jeux.defi-evasion.com\/en\/my-account\/#breadcrumb\"},\"inLanguage\":\"en-US\",\"potentialAction\":[{\"@type\":\"ReadAction\",\"target\":[\"https:\/\/jeux.defi-evasion.com\/en\/my-account\/\"]}]},{\"@type\":\"BreadcrumbList\",\"@id\":\"https:\/\/jeux.defi-evasion.com\/en\/my-account\/#breadcrumb\",\"itemListElement\":[{\"@type\":\"ListItem\",\"position\":1,\"name\":\"Accueil\",\"item\":\"https:\/\/jeux.defi-evasion.com\/en\/accueil\/\"},{\"@type\":\"ListItem\",\"position\":2,\"name\":\"My Account\"}]}]}<\/script>\n<!-- \/ Yoast SEO plugin. -->","yoast_head_json":{"title":"My Account | D\u00e9fi-\u00c9vasion At Home Online Escape Game","description":"Login or register with you email address. A password will be sent to your email address. Then you will be ready to play.","robots":{"index":"noindex","follow":"nofollow"},"og_locale":"en_US","og_type":"article","og_title":"My Account | D\u00e9fi-\u00c9vasion At Home Online Escape Game","og_description":"Login or register with you email address. A password will be sent to your email address. Then you will be ready to play.","og_url":"https:\/\/jeux.defi-evasion.com\/en\/my-account\/","og_site_name":"D\u00e9fi-\u00c9vasion","article_publisher":"https:\/\/www.facebook.com\/Defievasion\/","article_modified_time":"2021-04-07T22:45:16+00:00","twitter_card":"summary_large_image","twitter_site":"@defi_evasion","schema":{"@context":"https:\/\/schema.org","@graph":[{"@type":"Organization","@id":"https:\/\/jeux.defi-evasion.com\/#organization","name":"D\u00e9fi-\u00c9vasion","url":"https:\/\/jeux.defi-evasion.com\/","sameAs":["https:\/\/www.facebook.com\/Defievasion\/","https:\/\/www.instagram.com\/defi_evasion\/","https:\/\/www.youtube.com\/channel\/UCurxTtENeUyOVlsZn_hvOqw","https:\/\/twitter.com\/defi_evasion"],"logo":{"@type":"ImageObject","@id":"https:\/\/jeux.defi-evasion.com\/#logo","inLanguage":"en-US","url":"https:\/\/jeux.defi-evasion.com\/wp-content\/uploads\/2018\/09\/logo.png","contentUrl":"https:\/\/jeux.defi-evasion.com\/wp-content\/uploads\/2018\/09\/logo.png","width":200,"height":32,"caption":"D\u00e9fi-\u00c9vasion"},"image":{"@id":"https:\/\/jeux.defi-evasion.com\/#logo"}},{"@type":"WebSite","@id":"https:\/\/jeux.defi-evasion.com\/#website","url":"https:\/\/jeux.defi-evasion.com\/","name":"D\u00e9fi-\u00c9vasion","description":"Serez-vous capable de vous \u00e9vader?","publisher":{"@id":"https:\/\/jeux.defi-evasion.com\/#organization"},"potentialAction":[{"@type":"SearchAction","target":{"@type":"EntryPoint","urlTemplate":"https:\/\/jeux.defi-evasion.com\/?s={search_term_string}"},"query-input":"required name=search_term_string"}],"inLanguage":"en-US"},{"@type":"WebPage","@id":"https:\/\/jeux.defi-evasion.com\/en\/my-account\/#webpage","url":"https:\/\/jeux.defi-evasion.com\/en\/my-account\/","name":"My Account | D\u00e9fi-\u00c9vasion At Home Online Escape Game","isPartOf":{"@id":"https:\/\/jeux.defi-evasion.com\/#website"},"datePublished":"2020-06-23T19:42:48+00:00","dateModified":"2021-04-07T22:45:16+00:00","description":"Login or register with you email address. A password will be sent to your email address. Then you will be ready to play.","breadcrumb":{"@id":"https:\/\/jeux.defi-evasion.com\/en\/my-account\/#breadcrumb"},"inLanguage":"en-US","potentialAction":[{"@type":"ReadAction","target":["https:\/\/jeux.defi-evasion.com\/en\/my-account\/"]}]},{"@type":"BreadcrumbList","@id":"https:\/\/jeux.defi-evasion.com\/en\/my-account\/#breadcrumb","itemListElement":[{"@type":"ListItem","position":1,"name":"Accueil","item":"https:\/\/jeux.defi-evasion.com\/en\/accueil\/"},{"@type":"ListItem","position":2,"name":"My Account"}]}]}},"_links":{"self":[{"href":"https:\/\/jeux.defi-evasion.com\/en\/wp-json\/wp\/v2\/pages\/5431"}],"collection":[{"href":"https:\/\/jeux.defi-evasion.com\/en\/wp-json\/wp\/v2\/pages"}],"about":[{"href":"https:\/\/jeux.defi-evasion.com\/en\/wp-json\/wp\/v2\/types\/page"}],"author":[{"embeddable":true,"href":"https:\/\/jeux.defi-evasion.com\/en\/wp-json\/wp\/v2\/users\/3"}],"replies":[{"embeddable":true,"href":"https:\/\/jeux.defi-evasion.com\/en\/wp-json\/wp\/v2\/comments?post=5431"}],"version-history":[{"count":0,"href":"https:\/\/jeux.defi-evasion.com\/en\/wp-json\/wp\/v2\/pages\/5431\/revisions"}],"wp:attachment":[{"href":"https:\/\/jeux.defi-evasion.com\/en\/wp-json\/wp\/v2\/media?parent=5431"}],"curies":[{"name":"wp","href":"https:\/\/api.w.org\/{rel}","templated":true}]}}