{"id":5520,"date":"2020-07-03T14:29:54","date_gmt":"2020-07-03T18:29:54","guid":{"rendered":"https:\/\/defi-evasion.com\/at-home-2\/"},"modified":"2021-05-28T14:22:52","modified_gmt":"2021-05-28T18:22:52","slug":"defi-evasion-at-home","status":"publish","type":"page","link":"https:\/\/jeux.defi-evasion.com\/en\/defi-evasion-at-home\/","title":{"rendered":"At Home"},"content":{"rendered":"<p>[vc_row full_width=&#8221;stretch_row&#8221; el_id=&#8221;chezsoi-titre&#8221;][vc_column][vc_raw_html]JTNDJTIxLS0lMjBGYWNlYm9vayUyMFBpeGVsJTIwQ29kZSUyMC0tJTNFJTBBJTNDc2NyaXB0JTNFJTBBJTIxZnVuY3Rpb24lMjhmJTJDYiUyQ2UlMkN2JTJDbiUyQ3QlMkNzJTI5JTBBJTdCaWYlMjhmLmZicSUyOXJldHVybiUzQm4lM0RmLmZicSUzRGZ1bmN0aW9uJTI4JTI5JTdCbi5jYWxsTWV0aG9kJTNGJTBBbi5jYWxsTWV0aG9kLmFwcGx5JTI4biUyQ2FyZ3VtZW50cyUyOSUzQW4ucXVldWUucHVzaCUyOGFyZ3VtZW50cyUyOSU3RCUzQiUwQWlmJTI4JTIxZi5fZmJxJTI5Zi5fZmJxJTNEbiUzQm4ucHVzaCUzRG4lM0JuLmxvYWRlZCUzRCUyMTAlM0JuLnZlcnNpb24lM0QlMjcyLjAlMjclM0IlMEFuLnF1ZXVlJTNEJTVCJTVEJTNCdCUzRGIuY3JlYXRlRWxlbWVudCUyOGUlMjklM0J0LmFzeW5jJTNEJTIxMCUzQiUwQXQuc3JjJTNEdiUzQnMlM0RiLmdldEVsZW1lbnRzQnlUYWdOYW1lJTI4ZSUyOSU1QjAlNUQlM0IlMEFzLnBhcmVudE5vZGUuaW5zZXJ0QmVmb3JlJTI4dCUyQ3MlMjklN0QlMjh3aW5kb3clMkNkb2N1bWVudCUyQyUyN3NjcmlwdCUyNyUyQyUwQSUyN2h0dHBzJTNBJTJGJTJGY29ubmVjdC5mYWNlYm9vay5uZXQlMkZlbl9VUyUyRmZiZXZlbnRzLmpzJTI3JTI5JTNCJTBBZmJxJTI4JTI3aW5pdCUyNyUyQyUyMCUyNzMyMDg1NzUyMjM0NjI5MyUyNyUyOSUzQiUyMCUwQWZicSUyOCUyN3RyYWNrJTI3JTJDJTIwJTI3UGFnZVZpZXclMjclMjklM0IlMEElM0MlMkZzY3JpcHQlM0UlMEElM0Nub3NjcmlwdCUzRSUwQSUzQ2ltZyUyMGhlaWdodCUzRCUyMjElMjIlMjB3aWR0aCUzRCUyMjElMjIlMjAlMEFzcmMlM0QlMjJodHRwcyUzQSUyRiUyRnd3dy5mYWNlYm9vay5jb20lMkZ0ciUzRmlkJTNEMzIwODU3NTIyMzQ2MjkzJTI2ZXYlM0RQYWdlVmlldyUwQSUyNm5vc2NyaXB0JTNEMSUyMiUyRiUzRSUwQSUzQyUyRm5vc2NyaXB0JTNFJTBBJTNDJTIxLS0lMjBFbmQlMjBGYWNlYm9vayUyMFBpeGVsJTIwQ29kZSUyMC0tJTNF[\/vc_raw_html][vc_empty_space][vc_empty_space][\/vc_column][\/vc_row][vc_row full_width=&#8221;stretch_row_content&#8221; el_id=&#8221;chezsoi-video&#8221;][vc_column][vc_raw_html]JTNDdmlkZW8lMjBpZCUzRCUyMnZpZGVvLWVudGV0ZS1wYWdlcyUyMiUyMGF1dG9wbGF5JTNEJTIyYXV0b3BsYXklMjIlMjBtdXRlZCUzRCUyMnRydWUlMjIlMjBsb29wJTIwY29udHJvbHMlM0QlMjJjb250cm9scyUyMiUyMHdpZHRoJTNEJTIyMzAwJTIyJTIwaGVpZ2h0JTNEJTIyMTUwJTIyJTNFJTBBJTNDc291cmNlJTIwc3JjJTNEJTIyaHR0cHMlM0ElMkYlMkZkZWZpLWV2YXNpb24uY29tJTJGd3AtY29udGVudCUyRnVwbG9hZHMlMkYyMDIwJTJGMTIlMkZQdWItQ2hlei1zb2ktRU5HLUNDLWJ1cm4ubW92JTIyJTIwdHlwZSUzRCUyMnZpZGVvJTJGbXA0JTIyJTIwJTJGJTNFJTBBWW91ciUyMGJyb3dzZXIlMjBkb2VzJTIwbm90JTIwc3VwcG9ydCUyMEhUTUw1JTIwdmlkZW8uJTBBJTNDJTJGdmlkZW8lM0U=[\/vc_raw_html][vc_empty_space][vc_empty_space][vc_single_image image=&#8221;117034&#8243; img_size=&#8221;full&#8221; alignment=&#8221;center&#8221;][vc_empty_space][vc_single_image image=&#8221;117024&#8243; img_size=&#8221;full&#8221; alignment=&#8221;center&#8221;][vc_empty_space][vc_single_image image=&#8221;117020&#8243; img_size=&#8221;full&#8221; alignment=&#8221;center&#8221; onclick=&#8221;custom_link&#8221; link=&#8221;https:\/\/jeux.defi-evasion.com\/faq-chez-soi-at-home-en\/&#8221;][vc_empty_space][vc_empty_space][vc_single_image image=&#8221;118936&#8243; img_size=&#8221;full&#8221; alignment=&#8221;center&#8221;][\/vc_column][\/vc_row][vc_row full_width=&#8221;stretch_row&#8221; el_id=&#8221;chezsoi-soustitre&#8221;][vc_column][vc_column_text]<\/p>\n<h2 style=\"text-align: center;\">Choose your game<\/h2>\n<p>[\/vc_column_text][\/vc_column][\/vc_row][vc_row full_width=&#8221;stretch_row_content&#8221; css=&#8221;.vc_custom_1591918319306{margin-bottom: -1px !important;}&#8221; el_id=&#8221;chezsoi-produits&#8221;][vc_column][vc_single_image image=&#8221;117013&#8243; img_size=&#8221;full&#8221; alignment=&#8221;center&#8221;]<div class=\"woocommerce columns-4 \"><ul class=\"products columns-4\">\n<li class=\"first post-5464 product type-product status-publish has-post-thumbnail hentry product_cat-online-games\">\r\n\t\t\t\t<div class=\"cshero-carousel-item-wrap\">\r\n        <div class=\"cshero-carousel-item\">\r\n        \t<div class=\"cshero-woo-image\">\r\n\t\t\t\t\t\t\t<a href=\"https:\/\/jeux.defi-evasion.com\/en\/produit\/night-of-the-monsters\/\">\r\n\t\t\t\t\t\t\t\t\t<\/a>\r\n\t\t\t<\/div>\r\n\t\t<\/div>\r\n\t\t<div class=\"cshero-woo-meta\">\r\n\t\t\t<div class=\"cshero-product-title\">\r\n\t\t\t\t<h3>Night of the Monsters<\/h3>\r\n\t\t\t<\/div>\r\n\t\t\t<div class=\"cshero-product-caegory\">\r\n\t\t\t\t<a href=\"https:\/\/jeux.defi-evasion.com\/en\/product-categories\/online-games\/\" rel=\"tag\">Online Games<\/a>\t\t\t<\/div>\r\n\t\t\t\t\t\t\t\t\t<div class=\"cshero-view-detail\">\r\n                <a class=\"btn view-detail\" href=\"https:\/\/jeux.defi-evasion.com\/en\/produit\/night-of-the-monsters\/\"><span>View Detail<\/span><\/a>\r\n            <\/div>\r\n\t\t<\/div>\r\n\t<\/div>\r\n<\/li>\r\n<li class=\"post-5465 product type-product status-publish has-post-thumbnail hentry product_cat-online-games\">\r\n\t\t\t\t<div class=\"cshero-carousel-item-wrap\">\r\n        <div class=\"cshero-carousel-item\">\r\n        \t<div class=\"cshero-woo-image\">\r\n\t\t\t\t\t\t\t<a href=\"https:\/\/jeux.defi-evasion.com\/en\/produit\/summoning-bloody-mary\/\">\r\n\t\t\t\t\t\t\t\t\t<\/a>\r\n\t\t\t<\/div>\r\n\t\t<\/div>\r\n\t\t<div class=\"cshero-woo-meta\">\r\n\t\t\t<div class=\"cshero-product-title\">\r\n\t\t\t\t<h3>Summoning Bloody Mary<\/h3>\r\n\t\t\t<\/div>\r\n\t\t\t<div class=\"cshero-product-caegory\">\r\n\t\t\t\t<a href=\"https:\/\/jeux.defi-evasion.com\/en\/product-categories\/online-games\/\" rel=\"tag\">Online Games<\/a>\t\t\t<\/div>\r\n\t\t\t\t\t\t\t\t\t<div class=\"cshero-view-detail\">\r\n                <a class=\"btn view-detail\" href=\"https:\/\/jeux.defi-evasion.com\/en\/produit\/summoning-bloody-mary\/\"><span>View Detail<\/span><\/a>\r\n            <\/div>\r\n\t\t<\/div>\r\n\t<\/div>\r\n<\/li>\r\n<li class=\"post-30760 product type-product status-publish has-post-thumbnail hentry product_cat-online-games\">\r\n\t\t\t\t<div class=\"cshero-carousel-item-wrap\">\r\n        <div class=\"cshero-carousel-item\">\r\n        \t<div class=\"cshero-woo-image\">\r\n\t\t\t\t\t\t\t<a href=\"https:\/\/jeux.defi-evasion.com\/en\/produit\/at-home-gift-card\/\">\r\n\t\t\t\t\t\t\t\t\t<\/a>\r\n\t\t\t<\/div>\r\n\t\t<\/div>\r\n\t\t<div class=\"cshero-woo-meta\">\r\n\t\t\t<div class=\"cshero-product-title\">\r\n\t\t\t\t<h3>At Home Gift Card<\/h3>\r\n\t\t\t<\/div>\r\n\t\t\t<div class=\"cshero-product-caegory\">\r\n\t\t\t\t<a href=\"https:\/\/jeux.defi-evasion.com\/en\/product-categories\/online-games\/\" rel=\"tag\">Online Games<\/a>\t\t\t<\/div>\r\n\t\t\t\t\t\t\t\t\t<div class=\"cshero-view-detail\">\r\n                <a class=\"btn view-detail\" href=\"https:\/\/jeux.defi-evasion.com\/en\/produit\/at-home-gift-card\/\"><span>View Detail<\/span><\/a>\r\n            <\/div>\r\n\t\t<\/div>\r\n\t<\/div>\r\n<\/li>\r\n<li class=\"last post-32854 product type-product status-publish has-post-thumbnail hentry product_cat-online-games\">\r\n\t\t\t\t<div class=\"cshero-carousel-item-wrap\">\r\n        <div class=\"cshero-carousel-item\">\r\n        \t<div class=\"cshero-woo-image\">\r\n\t\t\t\t\t\t\t<a href=\"https:\/\/jeux.defi-evasion.com\/en\/produit\/stuck-the-library\/\">\r\n\t\t\t\t\t\t\t\t\t<\/a>\r\n\t\t\t<\/div>\r\n\t\t<\/div>\r\n\t\t<div class=\"cshero-woo-meta\">\r\n\t\t\t<div class=\"cshero-product-title\">\r\n\t\t\t\t<h3>Stuck! The Library<\/h3>\r\n\t\t\t<\/div>\r\n\t\t\t<div class=\"cshero-product-caegory\">\r\n\t\t\t\t<a href=\"https:\/\/jeux.defi-evasion.com\/en\/product-categories\/online-games\/\" rel=\"tag\">Online Games<\/a>\t\t\t<\/div>\r\n\t\t\t\t\t\t\t\t\t<div class=\"cshero-view-detail\">\r\n                <a class=\"btn view-detail\" href=\"https:\/\/jeux.defi-evasion.com\/en\/produit\/stuck-the-library\/\"><span>View Detail<\/span><\/a>\r\n            <\/div>\r\n\t\t<\/div>\r\n\t<\/div>\r\n<\/li>\r\n<li class=\"first post-33946 product type-product status-publish has-post-thumbnail hentry product_cat-online-games\">\r\n\t\t\t\t<div class=\"cshero-carousel-item-wrap\">\r\n        <div class=\"cshero-carousel-item\">\r\n        \t<div class=\"cshero-woo-image\">\r\n\t\t\t\t\t\t\t<a href=\"https:\/\/jeux.defi-evasion.com\/en\/produit\/mysteriouspresent\/\">\r\n\t\t\t\t\t\t\t\t\t<\/a>\r\n\t\t\t<\/div>\r\n\t\t<\/div>\r\n\t\t<div class=\"cshero-woo-meta\">\r\n\t\t\t<div class=\"cshero-product-title\">\r\n\t\t\t\t<h3>The Mysterious Present<\/h3>\r\n\t\t\t<\/div>\r\n\t\t\t<div class=\"cshero-product-caegory\">\r\n\t\t\t\t<a href=\"https:\/\/jeux.defi-evasion.com\/en\/product-categories\/online-games\/\" rel=\"tag\">Online Games<\/a>\t\t\t<\/div>\r\n\t\t\t\t\t\t\t\t\t<div class=\"cshero-view-detail\">\r\n                <a class=\"btn view-detail\" href=\"https:\/\/jeux.defi-evasion.com\/en\/produit\/mysteriouspresent\/\"><span>View Detail<\/span><\/a>\r\n            <\/div>\r\n\t\t<\/div>\r\n\t<\/div>\r\n<\/li>\r\n<li class=\"post-142427 product type-product status-publish has-post-thumbnail hentry product_cat-online-games\">\r\n\t\t\t\t<div class=\"cshero-carousel-item-wrap\">\r\n        <div class=\"cshero-carousel-item\">\r\n        \t<div class=\"cshero-woo-image\">\r\n\t\t\t\t\t\t\t<a href=\"https:\/\/jeux.defi-evasion.com\/en\/produit\/the-dance-investigation\/\">\r\n\t\t\t\t\t\t\t\t\t<\/a>\r\n\t\t\t<\/div>\r\n\t\t<\/div>\r\n\t\t<div class=\"cshero-woo-meta\">\r\n\t\t\t<div class=\"cshero-product-title\">\r\n\t\t\t\t<h3>The Dance Investigation<\/h3>\r\n\t\t\t<\/div>\r\n\t\t\t<div class=\"cshero-product-caegory\">\r\n\t\t\t\t<a href=\"https:\/\/jeux.defi-evasion.com\/en\/product-categories\/online-games\/\" rel=\"tag\">Online Games<\/a>\t\t\t<\/div>\r\n\t\t\t\t\t\t\t\t\t<div class=\"cshero-view-detail\">\r\n                <a class=\"btn view-detail\" href=\"https:\/\/jeux.defi-evasion.com\/en\/produit\/the-dance-investigation\/\"><span>View Detail<\/span><\/a>\r\n            <\/div>\r\n\t\t<\/div>\r\n\t<\/div>\r\n<\/li>\r\n<\/ul>\n<\/div>[\/vc_column][\/vc_row]<\/p>\n","protected":false},"excerpt":{"rendered":"<p>[vc_row full_width=&#8221;stretch_row&#8221; el_id=&#8221;chezsoi-titre&#8221;][vc_column][vc_raw_html]JTNDJTIxLS0lMjBGYWNlYm9vayUyMFBpeGVsJTIwQ29kZSUyMC0tJTNFJTBBJTNDc2NyaXB0JTNFJTBBJTIxZnVuY3Rpb24lMjhmJTJDYiUyQ2UlMkN2JTJDbiUyQ3QlMkNzJTI5JTBBJTdCaWYlMjhmLmZicSUyOXJldHVybiUzQm4lM0RmLmZicSUzRGZ1bmN0aW9uJTI4JTI5JTdCbi5jYWxsTWV0aG9kJTNGJTBBbi5jYWxsTWV0aG9kLmFwcGx5JTI4biUyQ2FyZ3VtZW50cyUyOSUzQW4ucXVldWUucHVzaCUyOGFyZ3VtZW50cyUyOSU3RCUzQiUwQWlmJTI4JTIxZi5fZmJxJTI5Zi5fZmJxJTNEbiUzQm4ucHVzaCUzRG4lM0JuLmxvYWRlZCUzRCUyMTAlM0JuLnZlcnNpb24lM0QlMjcyLjAlMjclM0IlMEFuLnF1ZXVlJTNEJTVCJTVEJTNCdCUzRGIuY3JlYXRlRWxlbWVudCUyOGUlMjklM0J0LmFzeW5jJTNEJTIxMCUzQiUwQXQuc3JjJTNEdiUzQnMlM0RiLmdldEVsZW1lbnRzQnlUYWdOYW1lJTI4ZSUyOSU1QjAlNUQlM0IlMEFzLnBhcmVudE5vZGUuaW5zZXJ0QmVmb3JlJTI4dCUyQ3MlMjklN0QlMjh3aW5kb3clMkNkb2N1bWVudCUyQyUyN3NjcmlwdCUyNyUyQyUwQSUyN2h0dHBzJTNBJTJGJTJGY29ubmVjdC5mYWNlYm9vay5uZXQlMkZlbl9VUyUyRmZiZXZlbnRzLmpzJTI3JTI5JTNCJTBBZmJxJTI4JTI3aW5pdCUyNyUyQyUyMCUyNzMyMDg1NzUyMjM0NjI5MyUyNyUyOSUzQiUyMCUwQWZicSUyOCUyN3RyYWNrJTI3JTJDJTIwJTI3UGFnZVZpZXclMjclMjklM0IlMEElM0MlMkZzY3JpcHQlM0UlMEElM0Nub3NjcmlwdCUzRSUwQSUzQ2ltZyUyMGhlaWdodCUzRCUyMjElMjIlMjB3aWR0aCUzRCUyMjElMjIlMjAlMEFzcmMlM0QlMjJodHRwcyUzQSUyRiUyRnd3dy5mYWNlYm9vay5jb20lMkZ0ciUzRmlkJTNEMzIwODU3NTIyMzQ2MjkzJTI2ZXYlM0RQYWdlVmlldyUwQSUyNm5vc2NyaXB0JTNEMSUyMiUyRiUzRSUwQSUzQyUyRm5vc2NyaXB0JTNFJTBBJTNDJTIxLS0lMjBFbmQlMjBGYWNlYm9vayUyMFBpeGVsJTIwQ29kZSUyMC0tJTNF[\/vc_raw_html][vc_empty_space][vc_empty_space][\/vc_column][\/vc_row][vc_row full_width=&#8221;stretch_row_content&#8221; el_id=&#8221;chezsoi-video&#8221;][vc_column][vc_raw_html]JTNDdmlkZW8lMjBpZCUzRCUyMnZpZGVvLWVudGV0ZS1wYWdlcyUyMiUyMGF1dG9wbGF5JTNEJTIyYXV0b3BsYXklMjIlMjBtdXRlZCUzRCUyMnRydWUlMjIlMjBsb29wJTIwY29udHJvbHMlM0QlMjJjb250cm9scyUyMiUyMHdpZHRoJTNEJTIyMzAwJTIyJTIwaGVpZ2h0JTNEJTIyMTUwJTIyJTNFJTBBJTNDc291cmNlJTIwc3JjJTNEJTIyaHR0cHMlM0ElMkYlMkZkZWZpLWV2YXNpb24uY29tJTJGd3AtY29udGVudCUyRnVwbG9hZHMlMkYyMDIwJTJGMTIlMkZQdWItQ2hlei1zb2ktRU5HLUNDLWJ1cm4ubW92JTIyJTIwdHlwZSUzRCUyMnZpZGVvJTJGbXA0JTIyJTIwJTJGJTNFJTBBWW91ciUyMGJyb3dzZXIlMjBkb2VzJTIwbm90JTIwc3VwcG9ydCUyMEhUTUw1JTIwdmlkZW8uJTBBJTNDJTJGdmlkZW8lM0U=[\/vc_raw_html][vc_empty_space][vc_empty_space][vc_single_image image=&#8221;117034&#8243; img_size=&#8221;full&#8221; alignment=&#8221;center&#8221;][vc_empty_space][vc_single_image image=&#8221;117024&#8243; img_size=&#8221;full&#8221; alignment=&#8221;center&#8221;][vc_empty_space][vc_single_image image=&#8221;117020&#8243; img_size=&#8221;full&#8221; alignment=&#8221;center&#8221; onclick=&#8221;custom_link&#8221; link=&#8221;https:\/\/jeux.defi-evasion.com\/faq-chez-soi-at-home-en\/&#8221;][vc_empty_space][vc_empty_space][vc_single_image image=&#8221;118936&#8243; img_size=&#8221;full&#8221; alignment=&#8221;center&#8221;][\/vc_column][\/vc_row][vc_row full_width=&#8221;stretch_row&#8221; el_id=&#8221;chezsoi-soustitre&#8221;][vc_column][vc_column_text] Choose your game [\/vc_column_text][\/vc_column][\/vc_row][vc_row full_width=&#8221;stretch_row_content&#8221; css=&#8221;.vc_custom_1591918319306{margin-bottom: -1px !important;}&#8221; el_id=&#8221;chezsoi-produits&#8221;][vc_column][vc_single_image image=&#8221;117013&#8243; img_size=&#8221;full&#8221; alignment=&#8221;center&#8221;][\/vc_column][\/vc_row]<\/p>\n","protected":false},"author":3,"featured_media":85482,"parent":0,"menu_order":0,"comment_status":"closed","ping_status":"closed","template":"","meta":[],"yoast_head":"<!-- This site is optimized with the Yoast SEO plugin v17.0 - https:\/\/yoast.com\/wordpress\/plugins\/seo\/ -->\n<title>At Home | D\u00e9fi-\u00c9vasion | With friends, family or colleagues!<\/title>\n<meta name=\"description\" content=\"Several escape rooms in Quebec for lovers of adventures or thrills with family, friends or colleagues. For all levels and ages!\" \/>\n<meta name=\"robots\" content=\"noindex, follow, max-snippet:-1, max-image-preview:large, max-video-preview:-1\" \/>\n<meta property=\"og:locale\" content=\"en_US\" \/>\n<meta property=\"og:type\" content=\"article\" \/>\n<meta property=\"og:title\" content=\"At Home | D\u00e9fi-\u00c9vasion | With friends, family or colleagues!\" \/>\n<meta property=\"og:description\" content=\"Several escape rooms in Quebec for lovers of adventures or thrills with family, friends or colleagues. For all levels and ages!\" \/>\n<meta property=\"og:url\" content=\"https:\/\/jeux.defi-evasion.com\/en\/defi-evasion-at-home\/\" \/>\n<meta property=\"og:site_name\" content=\"D\u00e9fi-\u00c9vasion\" \/>\n<meta property=\"article:publisher\" content=\"https:\/\/www.facebook.com\/Defievasion\/\" \/>\n<meta property=\"article:modified_time\" content=\"2021-05-28T18:22:52+00:00\" \/>\n<meta property=\"og:image\" content=\"https:\/\/jeux.defi-evasion.com\/wp-content\/uploads\/2021\/01\/LOGO_DE_ChezSoi_NOIR_MC.png\" \/>\n\t<meta property=\"og:image:width\" content=\"901\" \/>\n\t<meta property=\"og:image:height\" content=\"269\" \/>\n<meta name=\"twitter:card\" content=\"summary_large_image\" \/>\n<meta name=\"twitter:site\" content=\"@defi_evasion\" \/>\n<meta name=\"twitter:label1\" content=\"Est. reading time\" \/>\n\t<meta name=\"twitter:data1\" content=\"1 minute\" \/>\n<script type=\"application\/ld+json\" class=\"yoast-schema-graph\">{\"@context\":\"https:\/\/schema.org\",\"@graph\":[{\"@type\":\"Organization\",\"@id\":\"https:\/\/jeux.defi-evasion.com\/#organization\",\"name\":\"D\\u00e9fi-\\u00c9vasion\",\"url\":\"https:\/\/jeux.defi-evasion.com\/\",\"sameAs\":[\"https:\/\/www.facebook.com\/Defievasion\/\",\"https:\/\/www.instagram.com\/defi_evasion\/\",\"https:\/\/www.youtube.com\/channel\/UCurxTtENeUyOVlsZn_hvOqw\",\"https:\/\/twitter.com\/defi_evasion\"],\"logo\":{\"@type\":\"ImageObject\",\"@id\":\"https:\/\/jeux.defi-evasion.com\/#logo\",\"inLanguage\":\"en-US\",\"url\":\"https:\/\/jeux.defi-evasion.com\/wp-content\/uploads\/2018\/09\/logo.png\",\"contentUrl\":\"https:\/\/jeux.defi-evasion.com\/wp-content\/uploads\/2018\/09\/logo.png\",\"width\":200,\"height\":32,\"caption\":\"D\\u00e9fi-\\u00c9vasion\"},\"image\":{\"@id\":\"https:\/\/jeux.defi-evasion.com\/#logo\"}},{\"@type\":\"WebSite\",\"@id\":\"https:\/\/jeux.defi-evasion.com\/#website\",\"url\":\"https:\/\/jeux.defi-evasion.com\/\",\"name\":\"D\\u00e9fi-\\u00c9vasion\",\"description\":\"Serez-vous capable de vous \\u00e9vader?\",\"publisher\":{\"@id\":\"https:\/\/jeux.defi-evasion.com\/#organization\"},\"potentialAction\":[{\"@type\":\"SearchAction\",\"target\":{\"@type\":\"EntryPoint\",\"urlTemplate\":\"https:\/\/jeux.defi-evasion.com\/?s={search_term_string}\"},\"query-input\":\"required name=search_term_string\"}],\"inLanguage\":\"en-US\"},{\"@type\":\"ImageObject\",\"@id\":\"https:\/\/jeux.defi-evasion.com\/en\/defi-evasion-at-home\/#primaryimage\",\"inLanguage\":\"en-US\",\"url\":\"https:\/\/jeux.defi-evasion.com\/wp-content\/uploads\/2021\/01\/LOGO_DE_ChezSoi_NOIR_MC.png\",\"contentUrl\":\"https:\/\/jeux.defi-evasion.com\/wp-content\/uploads\/2021\/01\/LOGO_DE_ChezSoi_NOIR_MC.png\",\"width\":901,\"height\":269},{\"@type\":\"WebPage\",\"@id\":\"https:\/\/jeux.defi-evasion.com\/en\/defi-evasion-at-home\/#webpage\",\"url\":\"https:\/\/jeux.defi-evasion.com\/en\/defi-evasion-at-home\/\",\"name\":\"At Home | D\\u00e9fi-\\u00c9vasion | With friends, family or colleagues!\",\"isPartOf\":{\"@id\":\"https:\/\/jeux.defi-evasion.com\/#website\"},\"primaryImageOfPage\":{\"@id\":\"https:\/\/jeux.defi-evasion.com\/en\/defi-evasion-at-home\/#primaryimage\"},\"datePublished\":\"2020-07-03T18:29:54+00:00\",\"dateModified\":\"2021-05-28T18:22:52+00:00\",\"description\":\"Several escape rooms in Quebec for lovers of adventures or thrills with family, friends or colleagues. For all levels and ages!\",\"breadcrumb\":{\"@id\":\"https:\/\/jeux.defi-evasion.com\/en\/defi-evasion-at-home\/#breadcrumb\"},\"inLanguage\":\"en-US\",\"potentialAction\":[{\"@type\":\"ReadAction\",\"target\":[\"https:\/\/jeux.defi-evasion.com\/en\/defi-evasion-at-home\/\"]}]},{\"@type\":\"BreadcrumbList\",\"@id\":\"https:\/\/jeux.defi-evasion.com\/en\/defi-evasion-at-home\/#breadcrumb\",\"itemListElement\":[{\"@type\":\"ListItem\",\"position\":1,\"name\":\"Accueil\",\"item\":\"https:\/\/jeux.defi-evasion.com\/en\/accueil\/\"},{\"@type\":\"ListItem\",\"position\":2,\"name\":\"At Home\"}]}]}<\/script>\n<!-- \/ Yoast SEO plugin. -->","yoast_head_json":{"title":"At Home | D\u00e9fi-\u00c9vasion | With friends, family or colleagues!","description":"Several escape rooms in Quebec for lovers of adventures or thrills with family, friends or colleagues. For all levels and ages!","robots":{"index":"noindex","follow":"follow","max-snippet":"max-snippet:-1","max-image-preview":"max-image-preview:large","max-video-preview":"max-video-preview:-1"},"og_locale":"en_US","og_type":"article","og_title":"At Home | D\u00e9fi-\u00c9vasion | With friends, family or colleagues!","og_description":"Several escape rooms in Quebec for lovers of adventures or thrills with family, friends or colleagues. For all levels and ages!","og_url":"https:\/\/jeux.defi-evasion.com\/en\/defi-evasion-at-home\/","og_site_name":"D\u00e9fi-\u00c9vasion","article_publisher":"https:\/\/www.facebook.com\/Defievasion\/","article_modified_time":"2021-05-28T18:22:52+00:00","og_image":[{"width":901,"height":269,"url":"https:\/\/jeux.defi-evasion.com\/wp-content\/uploads\/2021\/01\/LOGO_DE_ChezSoi_NOIR_MC.png","path":"\/home\/defi\/domains\/defi-evasion.com\/public_html\/wp-content\/uploads\/2021\/01\/LOGO_DE_ChezSoi_NOIR_MC.png","size":"full","id":85482,"alt":"","pixels":242369,"type":"image\/png"}],"twitter_card":"summary_large_image","twitter_site":"@defi_evasion","twitter_misc":{"Est. reading time":"1 minute"},"schema":{"@context":"https:\/\/schema.org","@graph":[{"@type":"Organization","@id":"https:\/\/jeux.defi-evasion.com\/#organization","name":"D\u00e9fi-\u00c9vasion","url":"https:\/\/jeux.defi-evasion.com\/","sameAs":["https:\/\/www.facebook.com\/Defievasion\/","https:\/\/www.instagram.com\/defi_evasion\/","https:\/\/www.youtube.com\/channel\/UCurxTtENeUyOVlsZn_hvOqw","https:\/\/twitter.com\/defi_evasion"],"logo":{"@type":"ImageObject","@id":"https:\/\/jeux.defi-evasion.com\/#logo","inLanguage":"en-US","url":"https:\/\/jeux.defi-evasion.com\/wp-content\/uploads\/2018\/09\/logo.png","contentUrl":"https:\/\/jeux.defi-evasion.com\/wp-content\/uploads\/2018\/09\/logo.png","width":200,"height":32,"caption":"D\u00e9fi-\u00c9vasion"},"image":{"@id":"https:\/\/jeux.defi-evasion.com\/#logo"}},{"@type":"WebSite","@id":"https:\/\/jeux.defi-evasion.com\/#website","url":"https:\/\/jeux.defi-evasion.com\/","name":"D\u00e9fi-\u00c9vasion","description":"Serez-vous capable de vous \u00e9vader?","publisher":{"@id":"https:\/\/jeux.defi-evasion.com\/#organization"},"potentialAction":[{"@type":"SearchAction","target":{"@type":"EntryPoint","urlTemplate":"https:\/\/jeux.defi-evasion.com\/?s={search_term_string}"},"query-input":"required name=search_term_string"}],"inLanguage":"en-US"},{"@type":"ImageObject","@id":"https:\/\/jeux.defi-evasion.com\/en\/defi-evasion-at-home\/#primaryimage","inLanguage":"en-US","url":"https:\/\/jeux.defi-evasion.com\/wp-content\/uploads\/2021\/01\/LOGO_DE_ChezSoi_NOIR_MC.png","contentUrl":"https:\/\/jeux.defi-evasion.com\/wp-content\/uploads\/2021\/01\/LOGO_DE_ChezSoi_NOIR_MC.png","width":901,"height":269},{"@type":"WebPage","@id":"https:\/\/jeux.defi-evasion.com\/en\/defi-evasion-at-home\/#webpage","url":"https:\/\/jeux.defi-evasion.com\/en\/defi-evasion-at-home\/","name":"At Home | D\u00e9fi-\u00c9vasion | With friends, family or colleagues!","isPartOf":{"@id":"https:\/\/jeux.defi-evasion.com\/#website"},"primaryImageOfPage":{"@id":"https:\/\/jeux.defi-evasion.com\/en\/defi-evasion-at-home\/#primaryimage"},"datePublished":"2020-07-03T18:29:54+00:00","dateModified":"2021-05-28T18:22:52+00:00","description":"Several escape rooms in Quebec for lovers of adventures or thrills with family, friends or colleagues. For all levels and ages!","breadcrumb":{"@id":"https:\/\/jeux.defi-evasion.com\/en\/defi-evasion-at-home\/#breadcrumb"},"inLanguage":"en-US","potentialAction":[{"@type":"ReadAction","target":["https:\/\/jeux.defi-evasion.com\/en\/defi-evasion-at-home\/"]}]},{"@type":"BreadcrumbList","@id":"https:\/\/jeux.defi-evasion.com\/en\/defi-evasion-at-home\/#breadcrumb","itemListElement":[{"@type":"ListItem","position":1,"name":"Accueil","item":"https:\/\/jeux.defi-evasion.com\/en\/accueil\/"},{"@type":"ListItem","position":2,"name":"At Home"}]}]}},"_links":{"self":[{"href":"https:\/\/jeux.defi-evasion.com\/en\/wp-json\/wp\/v2\/pages\/5520"}],"collection":[{"href":"https:\/\/jeux.defi-evasion.com\/en\/wp-json\/wp\/v2\/pages"}],"about":[{"href":"https:\/\/jeux.defi-evasion.com\/en\/wp-json\/wp\/v2\/types\/page"}],"author":[{"embeddable":true,"href":"https:\/\/jeux.defi-evasion.com\/en\/wp-json\/wp\/v2\/users\/3"}],"replies":[{"embeddable":true,"href":"https:\/\/jeux.defi-evasion.com\/en\/wp-json\/wp\/v2\/comments?post=5520"}],"version-history":[{"count":1,"href":"https:\/\/jeux.defi-evasion.com\/en\/wp-json\/wp\/v2\/pages\/5520\/revisions"}],"predecessor-version":[{"id":142526,"href":"https:\/\/jeux.defi-evasion.com\/en\/wp-json\/wp\/v2\/pages\/5520\/revisions\/142526"}],"wp:featuredmedia":[{"embeddable":true,"href":"https:\/\/jeux.defi-evasion.com\/en\/wp-json\/wp\/v2\/media\/85482"}],"wp:attachment":[{"href":"https:\/\/jeux.defi-evasion.com\/en\/wp-json\/wp\/v2\/media?parent=5520"}],"curies":[{"name":"wp","href":"https:\/\/api.w.org\/{rel}","templated":true}]}}