{"id":30760,"date":"2020-11-24T16:11:55","date_gmt":"2020-11-24T21:11:55","guid":{"rendered":"https:\/\/defi-evasion.com\/produit\/at-home-gift-card\/"},"modified":"2021-10-12T00:00:35","modified_gmt":"2021-10-12T04:00:35","slug":"at-home-gift-card","status":"publish","type":"product","link":"https:\/\/jeux.defi-evasion.com\/en\/produit\/at-home-gift-card\/","title":{"rendered":"At Home Gift Card"},"content":{"rendered":"","protected":false},"excerpt":{"rendered":"<p>The ideal occasion to offer a 100% online puzzle game to a friend, a family member or a coworker.<\/p>\n<p>After your purchase, you will receive a document to print or to send to the person of your choice.<\/p>\n<p>This gift card is valid for any of our At Home games.<\/p>\n<p>This item has no expiry date.<\/p>\n","protected":false},"featured_media":36232,"comment_status":"open","ping_status":"closed","template":"","meta":[],"product_cat":[40],"product_tag":[],"yoast_head":"<!-- This site is optimized with the Yoast SEO plugin v17.0 - https:\/\/yoast.com\/wordpress\/plugins\/seo\/ -->\n<title>At Home Gift Card | D\u00e9fi-\u00c9vasion<\/title>\n<meta name=\"robots\" content=\"noindex, follow, max-snippet:-1, max-image-preview:large, max-video-preview:-1\" \/>\n<meta property=\"og:locale\" content=\"en_US\" \/>\n<meta property=\"og:type\" content=\"article\" \/>\n<meta property=\"og:title\" content=\"At Home Gift Card | D\u00e9fi-\u00c9vasion\" \/>\n<meta property=\"og:description\" content=\"The ideal occasion to offer a 100% online puzzle game to a friend, a family member or a coworker.  After your purchase, you will receive a document to print or to send to the person of your choice.  This gift card is valid for any of our At Home games.  This item has no expiry date.\" \/>\n<meta property=\"og:url\" content=\"https:\/\/jeux.defi-evasion.com\/en\/produit\/at-home-gift-card\/\" \/>\n<meta property=\"og:site_name\" content=\"D\u00e9fi-\u00c9vasion\" \/>\n<meta property=\"article:publisher\" content=\"https:\/\/www.facebook.com\/Defievasion\/\" \/>\n<meta property=\"article:modified_time\" content=\"2021-10-12T04:00:35+00:00\" \/>\n<meta property=\"og:image\" content=\"https:\/\/jeux.defi-evasion.com\/wp-content\/uploads\/2020\/11\/gift_card_web.jpg\" \/>\n\t<meta property=\"og:image:width\" content=\"1080\" \/>\n\t<meta property=\"og:image:height\" content=\"1080\" \/>\n<meta name=\"twitter:card\" content=\"summary_large_image\" \/>\n<meta name=\"twitter:site\" content=\"@defi_evasion\" \/>\n<script type=\"application\/ld+json\" class=\"yoast-schema-graph\">{\"@context\":\"https:\/\/schema.org\",\"@graph\":[{\"@type\":\"Organization\",\"@id\":\"https:\/\/jeux.defi-evasion.com\/#organization\",\"name\":\"D\\u00e9fi-\\u00c9vasion\",\"url\":\"https:\/\/jeux.defi-evasion.com\/\",\"sameAs\":[\"https:\/\/www.facebook.com\/Defievasion\/\",\"https:\/\/www.instagram.com\/defi_evasion\/\",\"https:\/\/www.youtube.com\/channel\/UCurxTtENeUyOVlsZn_hvOqw\",\"https:\/\/twitter.com\/defi_evasion\"],\"logo\":{\"@type\":\"ImageObject\",\"@id\":\"https:\/\/jeux.defi-evasion.com\/#logo\",\"inLanguage\":\"en-US\",\"url\":\"https:\/\/jeux.defi-evasion.com\/wp-content\/uploads\/2018\/09\/logo.png\",\"contentUrl\":\"https:\/\/jeux.defi-evasion.com\/wp-content\/uploads\/2018\/09\/logo.png\",\"width\":200,\"height\":32,\"caption\":\"D\\u00e9fi-\\u00c9vasion\"},\"image\":{\"@id\":\"https:\/\/jeux.defi-evasion.com\/#logo\"}},{\"@type\":\"WebSite\",\"@id\":\"https:\/\/jeux.defi-evasion.com\/#website\",\"url\":\"https:\/\/jeux.defi-evasion.com\/\",\"name\":\"D\\u00e9fi-\\u00c9vasion\",\"description\":\"Serez-vous capable de vous \\u00e9vader?\",\"publisher\":{\"@id\":\"https:\/\/jeux.defi-evasion.com\/#organization\"},\"potentialAction\":[{\"@type\":\"SearchAction\",\"target\":{\"@type\":\"EntryPoint\",\"urlTemplate\":\"https:\/\/jeux.defi-evasion.com\/?s={search_term_string}\"},\"query-input\":\"required name=search_term_string\"}],\"inLanguage\":\"en-US\"},{\"@type\":\"ImageObject\",\"@id\":\"https:\/\/jeux.defi-evasion.com\/en\/produit\/at-home-gift-card\/#primaryimage\",\"inLanguage\":\"en-US\",\"url\":\"https:\/\/jeux.defi-evasion.com\/wp-content\/uploads\/2020\/11\/gift_card_web.jpg\",\"contentUrl\":\"https:\/\/jeux.defi-evasion.com\/wp-content\/uploads\/2020\/11\/gift_card_web.jpg\",\"width\":1080,\"height\":1080},{\"@type\":\"WebPage\",\"@id\":\"https:\/\/jeux.defi-evasion.com\/en\/produit\/at-home-gift-card\/#webpage\",\"url\":\"https:\/\/jeux.defi-evasion.com\/en\/produit\/at-home-gift-card\/\",\"name\":\"At Home Gift Card | D\\u00e9fi-\\u00c9vasion\",\"isPartOf\":{\"@id\":\"https:\/\/jeux.defi-evasion.com\/#website\"},\"primaryImageOfPage\":{\"@id\":\"https:\/\/jeux.defi-evasion.com\/en\/produit\/at-home-gift-card\/#primaryimage\"},\"datePublished\":\"2020-11-24T21:11:55+00:00\",\"dateModified\":\"2021-10-12T04:00:35+00:00\",\"breadcrumb\":{\"@id\":\"https:\/\/jeux.defi-evasion.com\/en\/produit\/at-home-gift-card\/#breadcrumb\"},\"inLanguage\":\"en-US\",\"potentialAction\":[{\"@type\":\"ReadAction\",\"target\":[\"https:\/\/jeux.defi-evasion.com\/en\/produit\/at-home-gift-card\/\"]}]},{\"@type\":\"BreadcrumbList\",\"@id\":\"https:\/\/jeux.defi-evasion.com\/en\/produit\/at-home-gift-card\/#breadcrumb\",\"itemListElement\":[{\"@type\":\"ListItem\",\"position\":1,\"name\":\"Accueil\",\"item\":\"https:\/\/jeux.defi-evasion.com\/en\/accueil\/\"},{\"@type\":\"ListItem\",\"position\":2,\"name\":\"Products\",\"item\":\"https:\/\/jeux.defi-evasion.com\/en\/shop\/\"},{\"@type\":\"ListItem\",\"position\":3,\"name\":\"At Home Gift Card\"}]}]}<\/script>\n<!-- \/ Yoast SEO plugin. -->","yoast_head_json":{"title":"At Home Gift Card | D\u00e9fi-\u00c9vasion","robots":{"index":"noindex","follow":"follow","max-snippet":"max-snippet:-1","max-image-preview":"max-image-preview:large","max-video-preview":"max-video-preview:-1"},"og_locale":"en_US","og_type":"article","og_title":"At Home Gift Card | D\u00e9fi-\u00c9vasion","og_description":"The ideal occasion to offer a 100% online puzzle game to a friend, a family member or a coworker.  After your purchase, you will receive a document to print or to send to the person of your choice.  This gift card is valid for any of our At Home games.  This item has no expiry date.","og_url":"https:\/\/jeux.defi-evasion.com\/en\/produit\/at-home-gift-card\/","og_site_name":"D\u00e9fi-\u00c9vasion","article_publisher":"https:\/\/www.facebook.com\/Defievasion\/","article_modified_time":"2021-10-12T04:00:35+00:00","og_image":[{"width":1080,"height":1080,"url":"https:\/\/jeux.defi-evasion.com\/wp-content\/uploads\/2020\/11\/gift_card_web.jpg","path":"\/www\/defievasioncom_131\/public\/wp-content\/uploads\/2020\/11\/gift_card_web.jpg","size":"full","id":36232,"alt":"","pixels":1166400,"type":"image\/jpeg"}],"twitter_card":"summary_large_image","twitter_site":"@defi_evasion","schema":{"@context":"https:\/\/schema.org","@graph":[{"@type":"Organization","@id":"https:\/\/jeux.defi-evasion.com\/#organization","name":"D\u00e9fi-\u00c9vasion","url":"https:\/\/jeux.defi-evasion.com\/","sameAs":["https:\/\/www.facebook.com\/Defievasion\/","https:\/\/www.instagram.com\/defi_evasion\/","https:\/\/www.youtube.com\/channel\/UCurxTtENeUyOVlsZn_hvOqw","https:\/\/twitter.com\/defi_evasion"],"logo":{"@type":"ImageObject","@id":"https:\/\/jeux.defi-evasion.com\/#logo","inLanguage":"en-US","url":"https:\/\/jeux.defi-evasion.com\/wp-content\/uploads\/2018\/09\/logo.png","contentUrl":"https:\/\/jeux.defi-evasion.com\/wp-content\/uploads\/2018\/09\/logo.png","width":200,"height":32,"caption":"D\u00e9fi-\u00c9vasion"},"image":{"@id":"https:\/\/jeux.defi-evasion.com\/#logo"}},{"@type":"WebSite","@id":"https:\/\/jeux.defi-evasion.com\/#website","url":"https:\/\/jeux.defi-evasion.com\/","name":"D\u00e9fi-\u00c9vasion","description":"Serez-vous capable de vous \u00e9vader?","publisher":{"@id":"https:\/\/jeux.defi-evasion.com\/#organization"},"potentialAction":[{"@type":"SearchAction","target":{"@type":"EntryPoint","urlTemplate":"https:\/\/jeux.defi-evasion.com\/?s={search_term_string}"},"query-input":"required name=search_term_string"}],"inLanguage":"en-US"},{"@type":"ImageObject","@id":"https:\/\/jeux.defi-evasion.com\/en\/produit\/at-home-gift-card\/#primaryimage","inLanguage":"en-US","url":"https:\/\/jeux.defi-evasion.com\/wp-content\/uploads\/2020\/11\/gift_card_web.jpg","contentUrl":"https:\/\/jeux.defi-evasion.com\/wp-content\/uploads\/2020\/11\/gift_card_web.jpg","width":1080,"height":1080},{"@type":"WebPage","@id":"https:\/\/jeux.defi-evasion.com\/en\/produit\/at-home-gift-card\/#webpage","url":"https:\/\/jeux.defi-evasion.com\/en\/produit\/at-home-gift-card\/","name":"At Home Gift Card | D\u00e9fi-\u00c9vasion","isPartOf":{"@id":"https:\/\/jeux.defi-evasion.com\/#website"},"primaryImageOfPage":{"@id":"https:\/\/jeux.defi-evasion.com\/en\/produit\/at-home-gift-card\/#primaryimage"},"datePublished":"2020-11-24T21:11:55+00:00","dateModified":"2021-10-12T04:00:35+00:00","breadcrumb":{"@id":"https:\/\/jeux.defi-evasion.com\/en\/produit\/at-home-gift-card\/#breadcrumb"},"inLanguage":"en-US","potentialAction":[{"@type":"ReadAction","target":["https:\/\/jeux.defi-evasion.com\/en\/produit\/at-home-gift-card\/"]}]},{"@type":"BreadcrumbList","@id":"https:\/\/jeux.defi-evasion.com\/en\/produit\/at-home-gift-card\/#breadcrumb","itemListElement":[{"@type":"ListItem","position":1,"name":"Accueil","item":"https:\/\/jeux.defi-evasion.com\/en\/accueil\/"},{"@type":"ListItem","position":2,"name":"Products","item":"https:\/\/jeux.defi-evasion.com\/en\/shop\/"},{"@type":"ListItem","position":3,"name":"At Home Gift Card"}]}]}},"_links":{"self":[{"href":"https:\/\/jeux.defi-evasion.com\/en\/wp-json\/wp\/v2\/product\/30760"}],"collection":[{"href":"https:\/\/jeux.defi-evasion.com\/en\/wp-json\/wp\/v2\/product"}],"about":[{"href":"https:\/\/jeux.defi-evasion.com\/en\/wp-json\/wp\/v2\/types\/product"}],"replies":[{"embeddable":true,"href":"https:\/\/jeux.defi-evasion.com\/en\/wp-json\/wp\/v2\/comments?post=30760"}],"wp:featuredmedia":[{"embeddable":true,"href":"https:\/\/jeux.defi-evasion.com\/en\/wp-json\/wp\/v2\/media\/36232"}],"wp:attachment":[{"href":"https:\/\/jeux.defi-evasion.com\/en\/wp-json\/wp\/v2\/media?parent=30760"}],"wp:term":[{"taxonomy":"product_cat","embeddable":true,"href":"https:\/\/jeux.defi-evasion.com\/en\/wp-json\/wp\/v2\/product_cat?post=30760"},{"taxonomy":"product_tag","embeddable":true,"href":"https:\/\/jeux.defi-evasion.com\/en\/wp-json\/wp\/v2\/product_tag?post=30760"}],"curies":[{"name":"wp","href":"https:\/\/api.w.org\/{rel}","templated":true}]}}