{"id":33946,"date":"2020-11-15T15:53:47","date_gmt":"2020-11-15T20:53:47","guid":{"rendered":"https:\/\/defi-evasion.com\/produit\/mysteriouspresent\/"},"modified":"2021-10-12T00:00:35","modified_gmt":"2021-10-12T04:00:35","slug":"mysteriouspresent","status":"publish","type":"product","link":"https:\/\/jeux.defi-evasion.com\/en\/produit\/mysteriouspresent\/","title":{"rendered":"The Mysterious Present"},"content":{"rendered":"<p>This is an puzzle game that can be played in the comfort of your own home or any other place where you have access to an internet connection! Playing solo or as a team, on your computer or on paper, enter a story where you must solve a series of puzzles in any order. Solving them all earns you the story&#8217;s conclusion as well as letting you meet your objective. There are no rules to the game! Have fun, enjoy yourselves, use your creativity and your wit to win the game. You can play the game whenever you prefer, at your own pace, and without a time limit.<\/p>\n<p>For people who want to play with faraway teammates, each household must have their own copy of the game and each open it on their screen (computer, tablet, smartphone, etc.) Each household will have to log into their own accounts which are created automatically upon purchase.<\/p>\n<p>Then, all you need is a means to connect with the other players via a communication platform (Facetime, Skype, Zoom, etc.) so you can see each other, discus and exchange about the puzzle solutions. They are not a video game where you can see your teammates\u2019 progress. Each household will have to enter their answers individually to move on to the next part of the game.<\/p>\n<p>The At Home games can be played alone or in a team. If you play in a team, we recommend that you have a team of maximum six players to simplify communication and make sure everyone can actively participate. There is no hard limit, however, so you can be a seven-person team if you\u2019d like.<\/p>\n<p><strong>Please note:<\/strong>\u00a0The access to this game is valid until November 1st 2021 after your purchase. After this date, you will NOT be able to have access nor to play it.<\/p>\n","protected":false},"excerpt":{"rendered":"<p>&nbsp;<\/p>\n<div><\/div>\n<div id=\"KnM9nf\"><img loading=\"lazy\" class=\"alignnone wp-image-22166\" src=\"https:\/\/jeux.defi-evasion.com\/wp-content\/uploads\/2020\/11\/MITAINE-PUCE.png\" alt=\"\" width=\"35\" height=\"25\" \/>\u00a0 At the end of your Christmas party, when all the presents have been given, a strange package with no recipient remains under the tree &#8230; No one answers when you look for who placed it there. Do you dare to unbox it and try to understand this mystery?<\/div>\n<div><\/div>\n<div><\/div>\n<div><strong>Please note:<\/strong>\u00a0The access to this game is valid until November 1st 2021 after your purchase. After this date, you will NOT be able to have access nor to play it.<\/div>\n<div><\/div>\n<div><\/div>\n<p>&nbsp;<\/p>\n<table>\n<tbody>\n<tr>\n<th><img src=\"https:\/\/jeux.defi-evasion.com\/wp-content\/uploads\/2019\/06\/picto-succursale.png\" width=\"50\" \/>LOCATION<\/th>\n<td>At Home<\/td>\n<\/tr>\n<tr>\n<th><img src=\"https:\/\/jeux.defi-evasion.com\/wp-content\/uploads\/2018\/12\/joueurs.png\" width=\"50\" \/>PLAYERS<\/th>\n<td>Unlimited! However, we recommend forming teams up to 6 players.<\/td>\n<\/tr>\n<tr>\n<th><img src=\"https:\/\/jeux.defi-evasion.com\/wp-content\/uploads\/2018\/12\/moyen.png\" width=\"50\" \/>LEVEL<\/th>\n<td>Beginner<\/td>\n<\/tr>\n<tr>\n<th><img src=\"https:\/\/jeux.defi-evasion.com\/wp-content\/uploads\/2018\/12\/duree.png\" width=\"50\" \/>DURATION<\/th>\n<td>1:15 to 1:30 (hours)<\/td>\n<\/tr>\n<\/tbody>\n<\/table>\n","protected":false},"featured_media":117009,"comment_status":"open","ping_status":"closed","template":"","meta":[],"product_cat":[40],"product_tag":[],"yoast_head":"<!-- This site is optimized with the Yoast SEO plugin v17.0 - https:\/\/yoast.com\/wordpress\/plugins\/seo\/ -->\n<title>The Mysterious Present | D\u00e9fi-\u00c9vasion At Home Puzzle Games<\/title>\n<meta name=\"description\" content=\"A strange package with no recipient remains under the tree ... Do you dare to unbox it and try to understand this mystery?\" \/>\n<meta name=\"robots\" content=\"noindex, follow, max-snippet:-1, max-image-preview:large, max-video-preview:-1\" \/>\n<meta property=\"og:locale\" content=\"en_US\" \/>\n<meta property=\"og:type\" content=\"article\" \/>\n<meta property=\"og:title\" content=\"The Mysterious Present | D\u00e9fi-\u00c9vasion At Home Puzzle Games\" \/>\n<meta property=\"og:description\" content=\"A strange package with no recipient remains under the tree ... Do you dare to unbox it and try to understand this mystery?\" \/>\n<meta property=\"og:url\" content=\"https:\/\/jeux.defi-evasion.com\/en\/produit\/mysteriouspresent\/\" \/>\n<meta property=\"og:site_name\" content=\"D\u00e9fi-\u00c9vasion\" \/>\n<meta property=\"article:publisher\" content=\"https:\/\/www.facebook.com\/Defievasion\/\" \/>\n<meta property=\"article:modified_time\" content=\"2021-10-12T04:00:35+00:00\" \/>\n<meta property=\"og:image\" content=\"https:\/\/jeux.defi-evasion.com\/wp-content\/uploads\/2020\/10\/CADEAU_INFO_ANG.jpg\" \/>\n\t<meta property=\"og:image:width\" content=\"1080\" \/>\n\t<meta property=\"og:image:height\" content=\"1080\" \/>\n<meta name=\"twitter:card\" content=\"summary_large_image\" \/>\n<meta name=\"twitter:site\" content=\"@defi_evasion\" \/>\n<meta name=\"twitter:label1\" content=\"Est. reading time\" \/>\n\t<meta name=\"twitter:data1\" content=\"2 minutes\" \/>\n<script type=\"application\/ld+json\" class=\"yoast-schema-graph\">{\"@context\":\"https:\/\/schema.org\",\"@graph\":[{\"@type\":\"Organization\",\"@id\":\"https:\/\/jeux.defi-evasion.com\/#organization\",\"name\":\"D\\u00e9fi-\\u00c9vasion\",\"url\":\"https:\/\/jeux.defi-evasion.com\/\",\"sameAs\":[\"https:\/\/www.facebook.com\/Defievasion\/\",\"https:\/\/www.instagram.com\/defi_evasion\/\",\"https:\/\/www.youtube.com\/channel\/UCurxTtENeUyOVlsZn_hvOqw\",\"https:\/\/twitter.com\/defi_evasion\"],\"logo\":{\"@type\":\"ImageObject\",\"@id\":\"https:\/\/jeux.defi-evasion.com\/#logo\",\"inLanguage\":\"en-US\",\"url\":\"https:\/\/jeux.defi-evasion.com\/wp-content\/uploads\/2018\/09\/logo.png\",\"contentUrl\":\"https:\/\/jeux.defi-evasion.com\/wp-content\/uploads\/2018\/09\/logo.png\",\"width\":200,\"height\":32,\"caption\":\"D\\u00e9fi-\\u00c9vasion\"},\"image\":{\"@id\":\"https:\/\/jeux.defi-evasion.com\/#logo\"}},{\"@type\":\"WebSite\",\"@id\":\"https:\/\/jeux.defi-evasion.com\/#website\",\"url\":\"https:\/\/jeux.defi-evasion.com\/\",\"name\":\"D\\u00e9fi-\\u00c9vasion\",\"description\":\"Serez-vous capable de vous \\u00e9vader?\",\"publisher\":{\"@id\":\"https:\/\/jeux.defi-evasion.com\/#organization\"},\"potentialAction\":[{\"@type\":\"SearchAction\",\"target\":{\"@type\":\"EntryPoint\",\"urlTemplate\":\"https:\/\/jeux.defi-evasion.com\/?s={search_term_string}\"},\"query-input\":\"required name=search_term_string\"}],\"inLanguage\":\"en-US\"},{\"@type\":\"ImageObject\",\"@id\":\"https:\/\/jeux.defi-evasion.com\/en\/produit\/mysteriouspresent\/#primaryimage\",\"inLanguage\":\"en-US\",\"url\":\"https:\/\/jeux.defi-evasion.com\/wp-content\/uploads\/2020\/10\/CADEAU_INFO_ANG.jpg\",\"contentUrl\":\"https:\/\/jeux.defi-evasion.com\/wp-content\/uploads\/2020\/10\/CADEAU_INFO_ANG.jpg\",\"width\":1080,\"height\":1080},{\"@type\":\"WebPage\",\"@id\":\"https:\/\/jeux.defi-evasion.com\/en\/produit\/mysteriouspresent\/#webpage\",\"url\":\"https:\/\/jeux.defi-evasion.com\/en\/produit\/mysteriouspresent\/\",\"name\":\"The Mysterious Present | D\\u00e9fi-\\u00c9vasion At Home Puzzle Games\",\"isPartOf\":{\"@id\":\"https:\/\/jeux.defi-evasion.com\/#website\"},\"primaryImageOfPage\":{\"@id\":\"https:\/\/jeux.defi-evasion.com\/en\/produit\/mysteriouspresent\/#primaryimage\"},\"datePublished\":\"2020-11-15T20:53:47+00:00\",\"dateModified\":\"2021-10-12T04:00:35+00:00\",\"description\":\"A strange package with no recipient remains under the tree ... Do you dare to unbox it and try to understand this mystery?\",\"breadcrumb\":{\"@id\":\"https:\/\/jeux.defi-evasion.com\/en\/produit\/mysteriouspresent\/#breadcrumb\"},\"inLanguage\":\"en-US\",\"potentialAction\":[{\"@type\":\"ReadAction\",\"target\":[\"https:\/\/jeux.defi-evasion.com\/en\/produit\/mysteriouspresent\/\"]}]},{\"@type\":\"BreadcrumbList\",\"@id\":\"https:\/\/jeux.defi-evasion.com\/en\/produit\/mysteriouspresent\/#breadcrumb\",\"itemListElement\":[{\"@type\":\"ListItem\",\"position\":1,\"name\":\"Accueil\",\"item\":\"https:\/\/jeux.defi-evasion.com\/en\/accueil\/\"},{\"@type\":\"ListItem\",\"position\":2,\"name\":\"Products\",\"item\":\"https:\/\/jeux.defi-evasion.com\/en\/shop\/\"},{\"@type\":\"ListItem\",\"position\":3,\"name\":\"The Mysterious Present\"}]}]}<\/script>\n<!-- \/ Yoast SEO plugin. -->","yoast_head_json":{"title":"The Mysterious Present | D\u00e9fi-\u00c9vasion At Home Puzzle Games","description":"A strange package with no recipient remains under the tree ... Do you dare to unbox it and try to understand this mystery?","robots":{"index":"noindex","follow":"follow","max-snippet":"max-snippet:-1","max-image-preview":"max-image-preview:large","max-video-preview":"max-video-preview:-1"},"og_locale":"en_US","og_type":"article","og_title":"The Mysterious Present | D\u00e9fi-\u00c9vasion At Home Puzzle Games","og_description":"A strange package with no recipient remains under the tree ... Do you dare to unbox it and try to understand this mystery?","og_url":"https:\/\/jeux.defi-evasion.com\/en\/produit\/mysteriouspresent\/","og_site_name":"D\u00e9fi-\u00c9vasion","article_publisher":"https:\/\/www.facebook.com\/Defievasion\/","article_modified_time":"2021-10-12T04:00:35+00:00","og_image":[{"width":1080,"height":1080,"url":"https:\/\/jeux.defi-evasion.com\/wp-content\/uploads\/2020\/10\/CADEAU_INFO_ANG.jpg","path":"\/home\/defi\/domains\/defi-evasion.com\/public_html\/wp-content\/uploads\/2020\/10\/CADEAU_INFO_ANG.jpg","size":"full","id":117009,"alt":"","pixels":1166400,"type":"image\/jpeg"}],"twitter_card":"summary_large_image","twitter_site":"@defi_evasion","twitter_misc":{"Est. reading time":"2 minutes"},"schema":{"@context":"https:\/\/schema.org","@graph":[{"@type":"Organization","@id":"https:\/\/jeux.defi-evasion.com\/#organization","name":"D\u00e9fi-\u00c9vasion","url":"https:\/\/jeux.defi-evasion.com\/","sameAs":["https:\/\/www.facebook.com\/Defievasion\/","https:\/\/www.instagram.com\/defi_evasion\/","https:\/\/www.youtube.com\/channel\/UCurxTtENeUyOVlsZn_hvOqw","https:\/\/twitter.com\/defi_evasion"],"logo":{"@type":"ImageObject","@id":"https:\/\/jeux.defi-evasion.com\/#logo","inLanguage":"en-US","url":"https:\/\/jeux.defi-evasion.com\/wp-content\/uploads\/2018\/09\/logo.png","contentUrl":"https:\/\/jeux.defi-evasion.com\/wp-content\/uploads\/2018\/09\/logo.png","width":200,"height":32,"caption":"D\u00e9fi-\u00c9vasion"},"image":{"@id":"https:\/\/jeux.defi-evasion.com\/#logo"}},{"@type":"WebSite","@id":"https:\/\/jeux.defi-evasion.com\/#website","url":"https:\/\/jeux.defi-evasion.com\/","name":"D\u00e9fi-\u00c9vasion","description":"Serez-vous capable de vous \u00e9vader?","publisher":{"@id":"https:\/\/jeux.defi-evasion.com\/#organization"},"potentialAction":[{"@type":"SearchAction","target":{"@type":"EntryPoint","urlTemplate":"https:\/\/jeux.defi-evasion.com\/?s={search_term_string}"},"query-input":"required name=search_term_string"}],"inLanguage":"en-US"},{"@type":"ImageObject","@id":"https:\/\/jeux.defi-evasion.com\/en\/produit\/mysteriouspresent\/#primaryimage","inLanguage":"en-US","url":"https:\/\/jeux.defi-evasion.com\/wp-content\/uploads\/2020\/10\/CADEAU_INFO_ANG.jpg","contentUrl":"https:\/\/jeux.defi-evasion.com\/wp-content\/uploads\/2020\/10\/CADEAU_INFO_ANG.jpg","width":1080,"height":1080},{"@type":"WebPage","@id":"https:\/\/jeux.defi-evasion.com\/en\/produit\/mysteriouspresent\/#webpage","url":"https:\/\/jeux.defi-evasion.com\/en\/produit\/mysteriouspresent\/","name":"The Mysterious Present | D\u00e9fi-\u00c9vasion At Home Puzzle Games","isPartOf":{"@id":"https:\/\/jeux.defi-evasion.com\/#website"},"primaryImageOfPage":{"@id":"https:\/\/jeux.defi-evasion.com\/en\/produit\/mysteriouspresent\/#primaryimage"},"datePublished":"2020-11-15T20:53:47+00:00","dateModified":"2021-10-12T04:00:35+00:00","description":"A strange package with no recipient remains under the tree ... Do you dare to unbox it and try to understand this mystery?","breadcrumb":{"@id":"https:\/\/jeux.defi-evasion.com\/en\/produit\/mysteriouspresent\/#breadcrumb"},"inLanguage":"en-US","potentialAction":[{"@type":"ReadAction","target":["https:\/\/jeux.defi-evasion.com\/en\/produit\/mysteriouspresent\/"]}]},{"@type":"BreadcrumbList","@id":"https:\/\/jeux.defi-evasion.com\/en\/produit\/mysteriouspresent\/#breadcrumb","itemListElement":[{"@type":"ListItem","position":1,"name":"Accueil","item":"https:\/\/jeux.defi-evasion.com\/en\/accueil\/"},{"@type":"ListItem","position":2,"name":"Products","item":"https:\/\/jeux.defi-evasion.com\/en\/shop\/"},{"@type":"ListItem","position":3,"name":"The Mysterious Present"}]}]}},"_links":{"self":[{"href":"https:\/\/jeux.defi-evasion.com\/en\/wp-json\/wp\/v2\/product\/33946"}],"collection":[{"href":"https:\/\/jeux.defi-evasion.com\/en\/wp-json\/wp\/v2\/product"}],"about":[{"href":"https:\/\/jeux.defi-evasion.com\/en\/wp-json\/wp\/v2\/types\/product"}],"replies":[{"embeddable":true,"href":"https:\/\/jeux.defi-evasion.com\/en\/wp-json\/wp\/v2\/comments?post=33946"}],"wp:featuredmedia":[{"embeddable":true,"href":"https:\/\/jeux.defi-evasion.com\/en\/wp-json\/wp\/v2\/media\/117009"}],"wp:attachment":[{"href":"https:\/\/jeux.defi-evasion.com\/en\/wp-json\/wp\/v2\/media?parent=33946"}],"wp:term":[{"taxonomy":"product_cat","embeddable":true,"href":"https:\/\/jeux.defi-evasion.com\/en\/wp-json\/wp\/v2\/product_cat?post=33946"},{"taxonomy":"product_tag","embeddable":true,"href":"https:\/\/jeux.defi-evasion.com\/en\/wp-json\/wp\/v2\/product_tag?post=33946"}],"curies":[{"name":"wp","href":"https:\/\/api.w.org\/{rel}","templated":true}]}}